{"id":1870,"date":"2015-12-03T11:36:02","date_gmt":"2015-12-03T09:36:02","guid":{"rendered":"https:\/\/sepad.ee\/kohaletoimetamine\/?lang=fi"},"modified":"2021-12-15T15:57:57","modified_gmt":"2021-12-15T13:57:57","slug":"toimitukset","status":"publish","type":"page","link":"https:\/\/sepad.ee\/fi\/toimitukset\/","title":{"rendered":"Toimitukset"},"content":{"rendered":"<h3>Kaikki tarjolla olevat tuotteet ovat varastossa ja voidaan toimittaa heti.<\/h3>\n<p>&nbsp;<\/p>\n<p>&nbsp;<\/p>\n<p>Toimitusaika Viron sis\u00e4ll\u00e4 on yleens\u00e4 <strong>enint\u00e4\u00e4n 3 arkip\u00e4iv\u00e4\u00e4<\/strong>.<img decoding=\"async\" class=\"alignright size-full wp-image-243\" src=\"https:\/\/sepad.ee\/wp-content\/uploads\/2015\/12\/kuller.jpg\" alt=\"kuller\" width=\"275\" height=\"183\" \/><\/p>\n<p>Tuote l\u00e4hetet\u00e4\u00e4n toimitettavaksi laskun tilille saapumista seuraavana arkip\u00e4iv\u00e4n\u00e4.<\/p>\n<p>Tilauksen hakemiseen on kaksi vaihtoehtoa:<\/p>\n<p>1. <strong>Kuriiripalvelu<\/strong> (DPD tai erikseen sovittaessa Saaremaa Sepad \u2013yhti\u00f6n j\u00e4rjest\u00e4m\u00e4 kuljetus)<\/p>\n<p>2. <strong>Hakeminen<\/strong> Saaremaa Sepad \u2013myym\u00e4l\u00e4st\u00e4.<\/p>\n<ul>\n<li>Saiklan kyl\u00e4, Saarenmaan. Avoinna ma-pe klo 8.30\u201317, puh. +372 459 4630<\/li>\n<\/ul>\n<p><em>Jos asiakas hakee tilatun tuotteen Saaremaa Sepad \u2013myym\u00e4l\u00e4st\u00e4, kuljetuskustannuksia ei ole.<\/em><\/p>\n","protected":false},"excerpt":{"rendered":"<p>Kaikki tarjolla olevat tuotteet ovat varastossa ja voidaan toimittaa heti. &nbsp; &nbsp; Toimitusaika Viron sis\u00e4ll\u00e4 on yleens\u00e4 enint\u00e4\u00e4n 3 arkip\u00e4iv\u00e4\u00e4. Tuote l\u00e4hetet\u00e4\u00e4n toimitettavaksi laskun tilille saapumista seuraavana arkip\u00e4iv\u00e4n\u00e4. Tilauksen hakemiseen on kaksi vaihtoehtoa: 1. Kuriiripalvelu (DPD tai erikseen sovittaessa Saaremaa Sepad \u2013yhti\u00f6n j\u00e4rjest\u00e4m\u00e4 kuljetus) 2. Hakeminen Saaremaa Sepad \u2013myym\u00e4l\u00e4st\u00e4. Saiklan kyl\u00e4, Saarenmaan. Avoinna ma-pe klo [&hellip;]<\/p>\n","protected":false},"author":1,"featured_media":0,"parent":0,"menu_order":0,"comment_status":"closed","ping_status":"closed","template":"","meta":{"_acf_changed":false,"footnotes":""},"class_list":["post-1870","page","type-page","status-publish","hentry"],"acf":[],"_links":{"self":[{"href":"https:\/\/sepad.ee\/fi\/wp-json\/wp\/v2\/pages\/1870","targetHints":{"allow":["GET"]}}],"collection":[{"href":"https:\/\/sepad.ee\/fi\/wp-json\/wp\/v2\/pages"}],"about":[{"href":"https:\/\/sepad.ee\/fi\/wp-json\/wp\/v2\/types\/page"}],"author":[{"embeddable":true,"href":"https:\/\/sepad.ee\/fi\/wp-json\/wp\/v2\/users\/1"}],"replies":[{"embeddable":true,"href":"https:\/\/sepad.ee\/fi\/wp-json\/wp\/v2\/comments?post=1870"}],"version-history":[{"count":0,"href":"https:\/\/sepad.ee\/fi\/wp-json\/wp\/v2\/pages\/1870\/revisions"}],"wp:attachment":[{"href":"https:\/\/sepad.ee\/fi\/wp-json\/wp\/v2\/media?parent=1870"}],"curies":[{"name":"wp","href":"https:\/\/api.w.org\/{rel}","templated":true}]}}