{"id":1878,"date":"2015-12-03T10:48:20","date_gmt":"2015-12-03T08:48:20","guid":{"rendered":"https:\/\/sepad.ee\/pulmasepp-tuleb-sinu-sundmusele-sepistama\/?lang=fi"},"modified":"2023-02-03T13:56:43","modified_gmt":"2023-02-03T11:56:43","slug":"seppa-tulee-haajuhliin","status":"publish","type":"page","link":"https:\/\/sepad.ee\/fi\/seppa-tulee-haajuhliin\/","title":{"rendered":"Sepp\u00e4 tulee h\u00e4\u00e4juhliin"},"content":{"rendered":"<div id=\"pl-1878\"  class=\"panel-layout\" >\n<div id=\"pg-1878-0\"  class=\"panel-grid panel-no-style\" >\n<div id=\"pgc-1878-0-0\"  class=\"panel-grid-cell\" >\n<div id=\"panel-1878-0-0-0\" class=\"so-panel widget widget_sow-editor panel-first-child panel-last-child\" data-index=\"0\" >\n<div\n\t\t\t\n\t\t\tclass=\"so-widget-sow-editor so-widget-sow-editor-base\"\n\t\t\t\n\t\t><\/p>\n<div class=\"siteorigin-widget-tinymce textwidget\">\n<p><strong>H\u00e4iden j\u00e4rjest\u00e4minen vaatii rohkeutta yht\u00e4 lailla kuin sep\u00e4n homma.<\/strong> Tunteiden palossa ja kipin\u00f6inniss\u00e4 solmitulla avioliitolla luodaan kaunis ja luja liitto, joka pysyy toivon mukaan vuosia aivan kuten sep\u00e4n takomat esineet.<\/p>\n<p>Raudan taonta ja siihen liittyv\u00e4t tavat kuuluvat virolaisen kansanperinteeseen yht\u00e4 itsest\u00e4\u00e4n selvin\u00e4 kuin nahkaesiliina sepp\u00e4\u00e4 suojaamaan. Kuuluuhan sananlaskukin: Jokainen on oman onnensa sepp\u00e4. Virolaisessa kulttielokuvassa \u201dViimne reliikvia\u201d (Viimeinen pyh\u00e4inj\u00e4\u00e4nn\u00f6s) v\u00e4litt\u00e4\u00e4 Peeter Tooma Uno Naissoon s\u00e4velt\u00e4m\u00e4ss\u00e4 ja Paul-Eerik Rummon runoon pohjautuvassa kappaleessa saman ikiaikaisen sanoman: \u201cIga mees on oma saatuse sepp ja oma \u00f5nne valaja\u2026\u201d (<em>Joka mies on kohtalonsa sepp\u00e4 ja oman onnensa valaja\u2026<\/em>)<\/p>\n<p><strong>Sepp\u00e4 h\u00e4ihin<\/strong><\/p>\n<p>H\u00e4\u00e4juhla saa uudenlaisen vivahteen, jos j\u00e4rjest\u00e4j\u00e4t pyyt\u00e4v\u00e4t mukaan sep\u00e4n, auttamaan h\u00e4\u00e4paria liittonsa sinet\u00f6imisess\u00e4 ja onnea tuovan hevosenkeng\u00e4n takomisessa. Sep\u00e4n k\u00e4mmenen puristaminen tuo yht\u00e4 lailla hyv\u00e4\u00e4 onnea kuin nuohoojan takinnapin koskettaminen.<\/p>\n<p>Sepp\u00e4 saapuu juhliin oma alaisin ja ahjo mukanaan, sep\u00e4n vierailu kest\u00e4\u00e4 enit\u00e4\u00e4n kaksi tuntiin. Sepp\u00e4 kertoo ty\u00f6st\u00e4\u00e4n ja seppiin liittyvist\u00e4 uskomuksista ja antaa n\u00e4ytteen ty\u00f6st\u00e4\u00e4n. Halukkaat voivat kokeilla omin k\u00e4sin, milt\u00e4 takominen tuntuu. H\u00e4ihin pyydetty sepp\u00e4 takoo onnea tuovan hevosenkeng\u00e4n valmiiksi jo ennen juhlia ja h\u00e4\u00e4pari voi takoa juhlissa nimens\u00e4 rautaan.<\/p>\n<p><strong>Hinnasto<\/strong><\/p>\n<p>Sep\u00e4n h\u00e4ihin pyyt\u00e4minen maksaa 550 euroa + kuljetus.<\/p>\n<p><strong>Kontakti<\/strong><\/p>\n<p><strong>Siim Esko<\/strong><br \/>\nh\u00e4\u00e4sepp\u00e4<br \/>\nGSM: +372 510 9648<br \/>\nS\u00e4hk\u00f6posti: <a href=\"mailto:sepad@sepad.ee\">sepad@sepad.ee<\/a><\/p>\n<\/div>\n<\/div>\n<\/div>\n<\/div>\n<div id=\"pgc-1878-0-1\"  class=\"panel-grid-cell\" >\n<div id=\"panel-1878-0-1-0\" class=\"so-panel widget widget_sow-editor panel-first-child panel-last-child\" data-index=\"1\" >\n<div\n\t\t\t\n\t\t\tclass=\"so-widget-sow-editor so-widget-sow-editor-base\"\n\t\t\t\n\t\t><\/p>\n<div class=\"siteorigin-widget-tinymce textwidget\">\n<p><img decoding=\"async\" class=\"aligncenter size-full wp-image-223\" src=\"https:\/\/sepad.ee\/wp-content\/uploads\/2015\/12\/pulmasepp-sepistamas.jpg\" alt=\"pulmasepp-sepistamas\" width=\"502\" height=\"513\" srcset=\"https:\/\/sepad.ee\/wp-content\/uploads\/2015\/12\/pulmasepp-sepistamas.jpg 502w, https:\/\/sepad.ee\/wp-content\/uploads\/2015\/12\/pulmasepp-sepistamas-426x435.jpg 426w, https:\/\/sepad.ee\/wp-content\/uploads\/2015\/12\/pulmasepp-sepistamas-500x511.jpg 500w, https:\/\/sepad.ee\/wp-content\/uploads\/2015\/12\/pulmasepp-sepistamas-121x124.jpg 121w\" sizes=\"(max-width: 502px) 100vw, 502px\" \/><\/p>\n<\/div>\n<\/div>\n<\/div>\n<\/div>\n<\/div>\n<\/div>\n","protected":false},"excerpt":{"rendered":"<p>H\u00e4iden j\u00e4rjest\u00e4minen vaatii rohkeutta yht\u00e4 lailla kuin sep\u00e4n homma. Tunteiden palossa ja kipin\u00f6inniss\u00e4 solmitulla avioliitolla luodaan kaunis ja luja liitto, joka pysyy toivon mukaan vuosia aivan kuten sep\u00e4n takomat esineet. Raudan taonta ja siihen liittyv\u00e4t tavat kuuluvat virolaisen kansanperinteeseen yht\u00e4 itsest\u00e4\u00e4n selvin\u00e4 kuin nahkaesiliina sepp\u00e4\u00e4 suojaamaan. Kuuluuhan sananlaskukin: Jokainen on oman onnensa sepp\u00e4. Virolaisessa kulttielokuvassa [&hellip;]<\/p>\n","protected":false},"author":1,"featured_media":0,"parent":0,"menu_order":0,"comment_status":"closed","ping_status":"closed","template":"","meta":{"_acf_changed":false,"footnotes":""},"class_list":["post-1878","page","type-page","status-publish","hentry"],"acf":[],"_links":{"self":[{"href":"https:\/\/sepad.ee\/fi\/wp-json\/wp\/v2\/pages\/1878","targetHints":{"allow":["GET"]}}],"collection":[{"href":"https:\/\/sepad.ee\/fi\/wp-json\/wp\/v2\/pages"}],"about":[{"href":"https:\/\/sepad.ee\/fi\/wp-json\/wp\/v2\/types\/page"}],"author":[{"embeddable":true,"href":"https:\/\/sepad.ee\/fi\/wp-json\/wp\/v2\/users\/1"}],"replies":[{"embeddable":true,"href":"https:\/\/sepad.ee\/fi\/wp-json\/wp\/v2\/comments?post=1878"}],"version-history":[{"count":0,"href":"https:\/\/sepad.ee\/fi\/wp-json\/wp\/v2\/pages\/1878\/revisions"}],"wp:attachment":[{"href":"https:\/\/sepad.ee\/fi\/wp-json\/wp\/v2\/media?parent=1878"}],"curies":[{"name":"wp","href":"https:\/\/api.w.org\/{rel}","templated":true}]}}