{"id":1880,"date":"2015-12-03T08:35:33","date_gmt":"2015-12-03T06:35:33","guid":{"rendered":"https:\/\/sepad.ee\/sepaklubi\/?lang=fi"},"modified":"2016-04-05T08:29:37","modified_gmt":"2016-04-05T06:29:37","slug":"seppakerho","status":"publish","type":"page","link":"https:\/\/sepad.ee\/fi\/seppakerho\/","title":{"rendered":"Sepp\u00e4kerho"},"content":{"rendered":"<p><strong>Sepp\u00e4kerho j\u00e4seneksi voi liitty\u00e4 jokainen asiakas, joka ostaa Saaremaa Sepad \u2013myym\u00e4l\u00e4st\u00e4 tai verkkokaupasta v\u00e4hint\u00e4\u00e4n 200 euron arvoisen tuotteen.<\/strong><\/p>\n<p>Sepp\u00e4kerhon asiakaskortti antaa 10% hintaedun, joka <strong>lis\u00e4t\u00e4\u00e4n muihin mahdollisiin hintaetuihin.<\/strong><br \/>\n<strong><img decoding=\"async\" class=\"alignright size-full wp-image-148\" src=\"https:\/\/sepad.ee\/wp-content\/uploads\/2015\/12\/sepaklubi_kaart.png\" alt=\"sepaklubi_kaart\" width=\"171\" height=\"100\" \/><\/strong><\/p>\n<p>Sepp\u00e4kerhoon liittymiseen t\u00e4yt\u00e4 lomake t\u00e4ss\u00e4 tai poikkea meid\u00e4n myym\u00e4l\u00e4\u00e4n.<\/p>\n<p>J\u00e4senyys alkaa ensimm\u00e4isest\u00e4 v\u00e4hint\u00e4\u00e4n 200 euron ostosta.<\/p>\n<hr \/>\n<div class=\"wpcf7 no-js\" id=\"wpcf7-f1876-o1\" lang=\"et\" dir=\"ltr\" data-wpcf7-id=\"1876\">\n<div class=\"screen-reader-response\">\n<p role=\"status\" aria-live=\"polite\" aria-atomic=\"true\">\n<ul><\/ul>\n<\/div>\n<form action=\"\/fi\/wp-json\/wp\/v2\/pages\/1880#wpcf7-f1876-o1\" method=\"post\" class=\"wpcf7-form init\" aria-label=\"Contact form\" novalidate=\"novalidate\" data-status=\"init\">\n<fieldset class=\"hidden-fields-container\"><input type=\"hidden\" name=\"_wpcf7\" value=\"1876\" \/><input type=\"hidden\" name=\"_wpcf7_version\" value=\"6.1.5\" \/><input type=\"hidden\" name=\"_wpcf7_locale\" value=\"et\" \/><input type=\"hidden\" name=\"_wpcf7_unit_tag\" value=\"wpcf7-f1876-o1\" \/><input type=\"hidden\" name=\"_wpcf7_container_post\" value=\"0\" \/><input type=\"hidden\" name=\"_wpcf7_posted_data_hash\" value=\"\" \/><br \/>\n<\/fieldset>\n<div class=\"row\">\n<div class=\"col-md-4\">\n<p><span class=\"wpcf7-form-control-wrap\" data-name=\"your-name\"><input size=\"40\" maxlength=\"400\" class=\"wpcf7-form-control wpcf7-text\" aria-invalid=\"false\" placeholder=\"Nimi:*\" value=\"\" type=\"text\" name=\"your-name\" \/><\/span><br \/>\n<span class=\"wpcf7-form-control-wrap\" data-name=\"your-phone\"><input size=\"40\" maxlength=\"400\" class=\"wpcf7-form-control wpcf7-text\" aria-invalid=\"false\" placeholder=\"Puhelin:*\" value=\"\" type=\"text\" name=\"your-phone\" \/><\/span><br \/>\n<span class=\"wpcf7-form-control-wrap\" data-name=\"your-email\"><input size=\"40\" maxlength=\"400\" class=\"wpcf7-form-control wpcf7-email wpcf7-validates-as-required wpcf7-text wpcf7-validates-as-email\" aria-required=\"true\" aria-invalid=\"false\" placeholder=\"S\u00e4hk\u00f6posti:*\" value=\"\" type=\"email\" name=\"your-email\" \/><\/span><br \/>\nHaluan saada uutiskirjeen:<br \/>\n<span class=\"wpcf7-form-control-wrap\" data-name=\"uudiskiri\"><span class=\"wpcf7-form-control wpcf7-radio\"><span class=\"wpcf7-list-item first\"><input type=\"radio\" name=\"uudiskiri\" value=\"Kyll\u00e4\" \/><span class=\"wpcf7-list-item-label\">Kyll\u00e4<\/span><\/span><span class=\"wpcf7-list-item last\"><input type=\"radio\" name=\"uudiskiri\" value=\"Ei\" \/><span class=\"wpcf7-list-item-label\">Ei<\/span><\/span><\/span><\/span><br \/>\nHaluan saada korttini:<br \/>\n<span class=\"wpcf7-form-control-wrap\" data-name=\"esindus\"><select class=\"wpcf7-form-control wpcf7-select wpcf7-validates-as-required\" aria-required=\"true\" aria-invalid=\"false\" name=\"esindus\"><option value=\"Olevim\u00e4gi 11 edustusmyym\u00e4l\u00e4st\u00e4\">Olevim\u00e4gi 11 edustusmyym\u00e4l\u00e4st\u00e4<\/option><option value=\"Saiklan kyl\u00e4n edustusmyym\u00e4l\u00e4st\u00e4\">Saiklan kyl\u00e4n edustusmyym\u00e4l\u00e4st\u00e4<\/option><option value=\"Postissa\">Postissa<\/option><\/select><\/span><br \/>\n<input class=\"wpcf7-form-control wpcf7-submit has-spinner\" type=\"submit\" value=\"L\u00e4het\u00e4\" \/>\n\t\t<\/p>\n<\/p><\/div>\n<div class=\"col-md-8\">\n<p>Kaikki henkil\u00f6tiedot on 100% suojattu ja niit\u00e4 ei v\u00e4litet\u00e4 kolmansille henkil\u00f6ille!<br \/>\n<strong>Asiakaskortin k\u00e4ytt\u00f6ehdot:<\/strong>\n\t\t<\/p>\n<ul>\n<li>\n<p>Asiakaskortti on nimellinen.\n\t\t\t\t<\/p>\n<\/li>\n<li>\n<p>Asiakas, jonka nimiin asiakaskortti on annettu, voi hankkia Saaremaa Sepad \u2013myym\u00e4l\u00e4st\u00e4 ja meid\u00e4n verkkokaupasta haluamansa tuotteet 10% hintaedulla.\n\t\t\t\t<\/p>\n<\/li>\n<li>\n<p>Hintaetu on voimassa ensimm\u00e4isest\u00e4 ostosta alkaen.\n\t\t\t\t<\/p>\n<\/li>\n<li>\n<p>Asiakaskortin ei tarvitse ostohetken\u00e4 olla mukana, jos henkil\u00f6llisyys voidaan todeta muulla tavoin.\n\t\t\t\t<\/p>\n<\/li>\n<li>\n<p>Taotun asiakaskortin saa kolmenkymmenen p\u00e4iv\u00e4n sis\u00e4ll\u00e4 asiakkaan valitsemasta Saaremaa Sepad \u2013myym\u00e4l\u00e4st\u00e4.\n\t\t\t\t<\/p>\n<\/li>\n<li>\n<p>Asiakaskortti on tarkoitettu vain yksityisasiakkaille.\n\t\t\t\t<\/p>\n<\/li>\n<\/ul><\/div>\n<\/div>\n<div class=\"wpcf7-response-output\" aria-hidden=\"true\"><\/div>\n<\/form>\n<\/div>\n","protected":false},"excerpt":{"rendered":"<p>Sepp\u00e4kerho j\u00e4seneksi voi liitty\u00e4 jokainen asiakas, joka ostaa Saaremaa Sepad \u2013myym\u00e4l\u00e4st\u00e4 tai verkkokaupasta v\u00e4hint\u00e4\u00e4n 200 euron arvoisen tuotteen. Sepp\u00e4kerhon asiakaskortti antaa 10% hintaedun, joka lis\u00e4t\u00e4\u00e4n muihin mahdollisiin hintaetuihin. Sepp\u00e4kerhoon liittymiseen t\u00e4yt\u00e4 lomake t\u00e4ss\u00e4 tai poikkea meid\u00e4n myym\u00e4l\u00e4\u00e4n. J\u00e4senyys alkaa ensimm\u00e4isest\u00e4 v\u00e4hint\u00e4\u00e4n 200 euron ostosta.<\/p>\n","protected":false},"author":1,"featured_media":0,"parent":0,"menu_order":0,"comment_status":"closed","ping_status":"closed","template":"","meta":{"_acf_changed":false,"footnotes":""},"class_list":["post-1880","page","type-page","status-publish","hentry"],"acf":[],"_links":{"self":[{"href":"https:\/\/sepad.ee\/fi\/wp-json\/wp\/v2\/pages\/1880","targetHints":{"allow":["GET"]}}],"collection":[{"href":"https:\/\/sepad.ee\/fi\/wp-json\/wp\/v2\/pages"}],"about":[{"href":"https:\/\/sepad.ee\/fi\/wp-json\/wp\/v2\/types\/page"}],"author":[{"embeddable":true,"href":"https:\/\/sepad.ee\/fi\/wp-json\/wp\/v2\/users\/1"}],"replies":[{"embeddable":true,"href":"https:\/\/sepad.ee\/fi\/wp-json\/wp\/v2\/comments?post=1880"}],"version-history":[{"count":0,"href":"https:\/\/sepad.ee\/fi\/wp-json\/wp\/v2\/pages\/1880\/revisions"}],"wp:attachment":[{"href":"https:\/\/sepad.ee\/fi\/wp-json\/wp\/v2\/media?parent=1880"}],"curies":[{"name":"wp","href":"https:\/\/api.w.org\/{rel}","templated":true}]}}