{"id":1881,"date":"2015-12-01T13:08:41","date_gmt":"2015-12-01T11:08:41","guid":{"rendered":"https:\/\/sepad.ee\/ettevottest\/?lang=fi"},"modified":"2019-07-29T10:43:04","modified_gmt":"2019-07-29T08:43:04","slug":"yrityksesta","status":"publish","type":"page","link":"https:\/\/sepad.ee\/fi\/yrityksesta\/","title":{"rendered":"Yrityksest\u00e4"},"content":{"rendered":"<div id=\"pl-1881\"  class=\"panel-layout\" >\n<div id=\"pg-1881-0\"  class=\"panel-grid panel-no-style\" >\n<div id=\"pgc-1881-0-0\"  class=\"panel-grid-cell\" >\n<div id=\"panel-1881-0-0-0\" class=\"so-panel widget widget_sow-editor panel-first-child panel-last-child\" data-index=\"0\" >\n<div\n\t\t\t\n\t\t\tclass=\"so-widget-sow-editor so-widget-sow-editor-base\"\n\t\t\t\n\t\t><\/p>\n<div class=\"siteorigin-widget-tinymce textwidget\">\n<h3>Saaremaa Sepad perustettiin perheyhti\u00f6n\u00e4 vuonna 1997.<\/h3>\n<p>Saarenmaalla Saiklan kyl\u00e4ss\u00e4 toimivan yrityksen p\u00e4\u00e4toimialoja ovat <strong>taontat\u00f6iden valmistus ja myynti<\/strong>. Meid\u00e4n asiakkaina ovat virolaiset ja ulkomaiset rakennusalan ja kodintarvikemyym\u00e4l\u00e4t. Vientimaita ovat t\u00e4ll\u00e4 hetkell\u00e4 Suomi, Ruotsi ja Saksa. Saaremaa Sepad on valmistaa l\u00e4hinn\u00e4 erilaisia rakenneosia ja sisustustavaroita.<\/p>\n<p>Meid\u00e4n tuotevalikoimassa on <strong>runsaat 300 tuotetta<\/strong>.<\/p>\n<p>Valmistamme <strong>tuotteita my\u00f6s tilausty\u00f6n\u00e4<\/strong>. Meid\u00e4n tavoitteena on valmistaa hyvin vaativiakin tuotteita laadusta tinkim\u00e4tt\u00e4.<\/p>\n<\/div>\n<\/div>\n<\/div>\n<\/div>\n<div id=\"pgc-1881-0-1\"  class=\"panel-grid-cell\" >\n<div id=\"panel-1881-0-1-0\" class=\"so-panel widget widget_sow-editor panel-first-child panel-last-child\" data-index=\"1\" >\n<div\n\t\t\t\n\t\t\tclass=\"so-widget-sow-editor so-widget-sow-editor-base\"\n\t\t\t\n\t\t><\/p>\n<div class=\"siteorigin-widget-tinymce textwidget\">\n<p><img decoding=\"async\" class=\"size-full wp-image-101 aligncenter\" src=\"https:\/\/sepad.ee\/wp-content\/uploads\/2015\/12\/1.jpg\" alt=\"1\" width=\"231\" height=\"342\" srcset=\"https:\/\/sepad.ee\/wp-content\/uploads\/2015\/12\/1.jpg 231w, https:\/\/sepad.ee\/wp-content\/uploads\/2015\/12\/1-195x288.jpg 195w, https:\/\/sepad.ee\/wp-content\/uploads\/2015\/12\/1-84x124.jpg 84w\" sizes=\"(max-width: 231px) 100vw, 231px\" \/><\/p>\n<\/div>\n<\/div>\n<\/div>\n<\/div>\n<\/div>\n<\/div>\n","protected":false},"excerpt":{"rendered":"<p>Saaremaa Sepad perustettiin perheyhti\u00f6n\u00e4 vuonna 1997. Saarenmaalla Saiklan kyl\u00e4ss\u00e4 toimivan yrityksen p\u00e4\u00e4toimialoja ovat taontat\u00f6iden valmistus ja myynti. Meid\u00e4n asiakkaina ovat virolaiset ja ulkomaiset rakennusalan ja kodintarvikemyym\u00e4l\u00e4t. Vientimaita ovat t\u00e4ll\u00e4 hetkell\u00e4 Suomi, Ruotsi ja Saksa. Saaremaa Sepad on valmistaa l\u00e4hinn\u00e4 erilaisia rakenneosia ja sisustustavaroita. Meid\u00e4n tuotevalikoimassa on runsaat 300 tuotetta. Valmistamme tuotteita my\u00f6s tilausty\u00f6n\u00e4. Meid\u00e4n tavoitteena [&hellip;]<\/p>\n","protected":false},"author":1,"featured_media":0,"parent":0,"menu_order":10,"comment_status":"closed","ping_status":"closed","template":"","meta":{"_acf_changed":false,"footnotes":""},"class_list":["post-1881","page","type-page","status-publish","hentry"],"acf":[],"_links":{"self":[{"href":"https:\/\/sepad.ee\/fi\/wp-json\/wp\/v2\/pages\/1881","targetHints":{"allow":["GET"]}}],"collection":[{"href":"https:\/\/sepad.ee\/fi\/wp-json\/wp\/v2\/pages"}],"about":[{"href":"https:\/\/sepad.ee\/fi\/wp-json\/wp\/v2\/types\/page"}],"author":[{"embeddable":true,"href":"https:\/\/sepad.ee\/fi\/wp-json\/wp\/v2\/users\/1"}],"replies":[{"embeddable":true,"href":"https:\/\/sepad.ee\/fi\/wp-json\/wp\/v2\/comments?post=1881"}],"version-history":[{"count":0,"href":"https:\/\/sepad.ee\/fi\/wp-json\/wp\/v2\/pages\/1881\/revisions"}],"wp:attachment":[{"href":"https:\/\/sepad.ee\/fi\/wp-json\/wp\/v2\/media?parent=1881"}],"curies":[{"name":"wp","href":"https:\/\/api.w.org\/{rel}","templated":true}]}}