{"id":4900,"date":"2023-10-20T10:46:54","date_gmt":"2023-10-20T08:46:54","guid":{"rendered":"https:\/\/sepad.ee\/?page_id=4900"},"modified":"2023-10-20T10:46:54","modified_gmt":"2023-10-20T08:46:54","slug":"tietosuojakaytanto","status":"publish","type":"page","link":"https:\/\/sepad.ee\/fi\/tietosuojakaytanto\/","title":{"rendered":"Tietosuojak\u00e4yt\u00e4nt\u00f6"},"content":{"rendered":"<ol>\n<li><strong>Yleiskohdat<\/strong><\/li>\n<\/ol>\n<p>1.1. T\u00e4m\u00e4 tietosuojak\u00e4yt\u00e4nt\u00f6 s\u00e4\u00e4telee henkil\u00f6tietojen ker\u00e4\u00e4mist\u00e4, k\u00e4sittely\u00e4 ja s\u00e4ilytt\u00e4mist\u00e4 koskevia periaatteita. Henkil\u00f6tietoja ker\u00e4\u00e4, k\u00e4sittelee ja s\u00e4ilytt\u00e4\u00e4 vastuullinen tietojenk\u00e4sittelij\u00e4 Saaremaa Sepad O\u00dc\u00a0(jatkossa rekisterinpit\u00e4j\u00e4).<\/p>\n<p>1.2. Rekister\u00f6ity on tietosuojak\u00e4yt\u00e4nn\u00f6n tarkoittamassa merkityksess\u00e4 asiakas tai muu luonnollinen henkil\u00f6, jonka henkil\u00f6tietoja rekisterinpit\u00e4j\u00e4 k\u00e4sittelee.<\/p>\n<p>1.3. Asiakas on tietosuojak\u00e4yt\u00e4nn\u00f6n tarkoittamassa merkityksess\u00e4 jokainen, joka ostaa rekisterinpit\u00e4j\u00e4n kotisivulta tavaroita tai palveluita.<\/p>\n<p>1.4. Rekisterinpit\u00e4j\u00e4 noudattaa lains\u00e4\u00e4d\u00e4nn\u00f6ss\u00e4 s\u00e4\u00e4dettyj\u00e4 tietojenk\u00e4sittelyn periaatteita, muun muassa rekisterinpit\u00e4j\u00e4 k\u00e4sittelee henkil\u00f6tietoja laillisesti, oikeudenmukaisesti ja turvallisesti. Rekisterinpit\u00e4j\u00e4 kykenee vakuuttamaan, ett\u00e4 henkil\u00f6tietoja on k\u00e4sitelty lains\u00e4\u00e4d\u00e4nn\u00f6ss\u00e4 s\u00e4\u00e4detyn mukaisesti.<\/p>\n<ol start=\"2\">\n<li><strong>Henkil\u00f6tietojen ker\u00e4\u00e4minen, k\u00e4sittely ja s\u00e4ilytt\u00e4minen<\/strong><\/li>\n<\/ol>\n<p>2.1. Henkil\u00f6tiedot, joita rekisterinpit\u00e4j\u00e4 ker\u00e4\u00e4, k\u00e4sittelee ja s\u00e4ilytt\u00e4\u00e4, on koottu s\u00e4hk\u00f6isesti, l\u00e4hinn\u00e4 kotisivun ja s\u00e4hk\u00f6postin v\u00e4lityksell\u00e4.<\/p>\n<p>2.2. Henkil\u00f6tietonsa ilmoittaessaan rekister\u00f6ity antaa rekisterinpit\u00e4j\u00e4lle oikeuden ker\u00e4t\u00e4, j\u00e4rjestell\u00e4, k\u00e4ytt\u00e4\u00e4 ja hallinnoida tietosuojak\u00e4yt\u00e4nn\u00f6ss\u00e4 m\u00e4\u00e4riteltyyn tarkoitukseen henkil\u00f6tietoja, joita rekister\u00f6ity suoraan tai ep\u00e4suorasti kotisivulta tavaroita tai palveluita ostaessaan rekisterinpit\u00e4j\u00e4lle ilmoittaa.<\/p>\n<p>2.3. Rekister\u00f6ity vastaa siit\u00e4, ett\u00e4 h\u00e4nen esitt\u00e4m\u00e4ns\u00e4 tiedot ovat t\u00e4sm\u00e4lliset, oikeat ja t\u00e4ydelliset. Tietoisesti v\u00e4\u00e4rien tietojen esitt\u00e4minen katsotaan tietosuojak\u00e4yt\u00e4nn\u00f6n rikkomiseksi. Rekister\u00f6ity on velvollinen ilmoittamaan rekisterinpit\u00e4j\u00e4lle esitt\u00e4miens\u00e4 tietojen muuttumisesta viipym\u00e4tt\u00e4.<\/p>\n<p>2.4. Rekisterinpit\u00e4j\u00e4 ei vastaa rekister\u00f6idyn v\u00e4\u00e4rien tietojen esitt\u00e4misest\u00e4 rekister\u00f6idylle tai kolmansille osapuolille aiheutuvasta vahingosta.<\/p>\n<ol start=\"3\">\n<li><strong>Asiakkaiden henkil\u00f6tietojen k\u00e4sittely<\/strong><\/li>\n<\/ol>\n<p>3.1. Rekisterinpit\u00e4j\u00e4 voi k\u00e4sitell\u00e4 seuraavia rekister\u00f6idyn henkil\u00f6tietoja:<\/p>\n<p>3.1.1. Etu- ja sukunimi;<\/p>\n<p>3.1.2. Puhelinnumero;<\/p>\n<p>3.1.3. S\u00e4hk\u00f6postiosoite;<\/p>\n<p>3.1.4. Toimitusosoite;<\/p>\n<p>3.2. Edell\u00e4 mainittujen lis\u00e4ksi rekisterinpit\u00e4j\u00e4ll\u00e4 on oikeus ker\u00e4t\u00e4 asiakkaasta sellaisia tietoja, jotka ovat saatavissa julkisista rekistereist\u00e4.<\/p>\n<p>3.3. Henkil\u00f6tietojen k\u00e4sittelyn oikeudellisena perustana ovat yleisen tietosuoja-asetuksen 6 artiklan 1 kohdan alakohdat a), b), c) ja f):<\/p>\n<ol>\n<li>a) rekister\u00f6ity on antanut suostumuksensa henkil\u00f6tietojensa k\u00e4sittelyyn yht\u00e4 tai useampaa erityist\u00e4 tarkoitusta varten;<\/li>\n<li>b) k\u00e4sittely on tarpeen sellaisen sopimuksen t\u00e4yt\u00e4nt\u00f6\u00f6n panemiseksi, jossa rekister\u00f6ity on osapuolena, tai sopimuksen tekemist\u00e4 edelt\u00e4vien toimenpiteiden toteuttamiseksi rekister\u00f6idyn pyynn\u00f6st\u00e4;<\/li>\n<li>c) k\u00e4sittely on tarpeen rekisterinpit\u00e4j\u00e4n lakis\u00e4\u00e4teisen velvoitteen noudattamiseksi;<\/li>\n<li>f) k\u00e4sittely on tarpeen rekisterinpit\u00e4j\u00e4n tai kolmannen osapuolen oikeutettujen etujen toteuttamiseksi, paitsi milloin henkil\u00f6tietojen suojaa edellytt\u00e4v\u00e4t rekister\u00f6idyn edut tai perusoikeudet ja -vapaudet syrj\u00e4ytt\u00e4v\u00e4t t\u00e4llaiset edut, erityisesti jos rekister\u00f6ity on lapsi.<\/li>\n<\/ol>\n<p>3.4. Henkil\u00f6tietojen k\u00e4sitteleminen k\u00e4sittelyn tarkoituksen mukaan:<\/p>\n<p>3.4.1. K\u00e4sittelyn tarkoitus \u2013 turvallisuus<br \/>\nHenkil\u00f6tietojen enimm\u00e4iss\u00e4ilytysaika \u2013 laissa mainittujen m\u00e4\u00e4r\u00e4aikojen mukaisesti<\/p>\n<p>3.4.2. K\u00e4sittelyn tarkoitus \u2013 tilauksen k\u00e4sittely<br \/>\nHenkil\u00f6tietojen enimm\u00e4iss\u00e4ilytysaika \u2013\u00a0yksi vuosi.<\/p>\n<p>3.4.3. K\u00e4sittelyn tarkoitus \u2013 verkkokaupan palvelujen toimimisen takaaminen<br \/>\nHenkil\u00f6tietojen enimm\u00e4iss\u00e4ilytysaika \u2013\u00a0yksi vuosi.<\/p>\n<p>3.4.4. K\u00e4sittelyn tarkoitus \u2013 asiakashallinta<br \/>\nHenkil\u00f6tietojen enimm\u00e4iss\u00e4ilytysaika \u2013 yksi vuosi.<\/p>\n<p>3.4.5. K\u00e4sittelyn tarkoitus \u2013 liiketoiminta, kirjanpito<br \/>\nHenkil\u00f6tietojen enimm\u00e4iss\u00e4ilytysaika \u2013 laissa mainittujen m\u00e4\u00e4r\u00e4aikojen mukaisesti<\/p>\n<p>3.4.6. K\u00e4sittelyn tarkoitus \u2013 markkinointi<br \/>\nHenkil\u00f6tietojen enimm\u00e4iss\u00e4ilytysaika \u2013\u00a0kaksi vuotta.<\/p>\n<p>3.5. Rekisterinpit\u00e4j\u00e4ll\u00e4 on oikeus jakaa asiakkaiden henkil\u00f6tietoja kolmansille henkil\u00f6ille, joita ovat esimerkiksi valtuutetut tietojenk\u00e4sittelij\u00e4t, kirjanpit\u00e4j\u00e4t, kuljetus- ja l\u00e4hettiyritykset, pankkisiirtopalveluita tarjoavat yritykset. Rekisterinpit\u00e4j\u00e4 on henkil\u00f6tietojen vastuullinen k\u00e4sittelij\u00e4. Rekisterinpit\u00e4j\u00e4 v\u00e4litt\u00e4\u00e4 maksujen suorittamista varten tarvittavat henkil\u00f6tiedot valtuutetulle k\u00e4sittelij\u00e4lle Maksekeskus AS.<\/p>\n<p>3.6. Rekister\u00f6idyn henkil\u00f6tietojen k\u00e4sittelyss\u00e4 ja s\u00e4ilytt\u00e4misess\u00e4 rekisterinpit\u00e4j\u00e4 k\u00e4ytt\u00e4\u00e4 organisatorisia ja teknisi\u00e4 menetelmi\u00e4, jotka takaavat henkil\u00f6tietojen suojan sattumanvaraiselta tuhoutumiselta, muuttamiselta, julkistamiselta ja kaikenlaiselta muulta laittomalta k\u00e4sittelylt\u00e4.<\/p>\n<p>3.7. Rekisterinpit\u00e4j\u00e4 s\u00e4ilytt\u00e4\u00e4 rekister\u00f6ityjen tietoja k\u00e4sittelyn tarkoituksesta riippuen, mutta ei kauemmin kuin\u00a0seitsem\u00e4n\u00a0vuotta.<\/p>\n<ol start=\"4\">\n<li><strong>Rekister\u00f6idyn oikeudet<\/strong><\/li>\n<\/ol>\n<p>4.1. Rekister\u00f6idyll\u00e4 on oikeus saada p\u00e4\u00e4sy omiin henkil\u00f6tietoihinsa ja tutustua niihin.<\/p>\n<p>4.2. Rekister\u00f6idyll\u00e4 on oikeus saada tietoa henkil\u00f6tietojensa k\u00e4sittelyst\u00e4.<\/p>\n<p>4.3. Rekister\u00f6idyll\u00e4 on oikeus t\u00e4ydent\u00e4\u00e4 tai parantaa ep\u00e4t\u00e4sm\u00e4llisi\u00e4 tietoja.<\/p>\n<p>4.4. Mik\u00e4li rekisterinpit\u00e4j\u00e4 k\u00e4sittelee rekister\u00f6idyn henkil\u00f6tietoja rekister\u00f6idyn suostumuksen perusteella, rekister\u00f6idyll\u00e4 on koska tahansa oikeus perua suostumuksensa.<\/p>\n<p>4.5. Rekister\u00f6ity voi oikeuksiensa k\u00e4ytt\u00e4miseksi ottaa yhteytt\u00e4 verkkokaupan asiakastukeen osoitteella\u00a0sepad@sepad.ee<\/p>\n<p>4.6. Rekister\u00f6idyll\u00e4 on oikeuksiensa puolustamiseksi mahdollisuus esitt\u00e4\u00e4 valitus Viron tietosuojaviranomaiselle Andmekaitse Inspektsioon.<\/p>\n<ol start=\"5\">\n<li><strong>Loppukohdat<\/strong><\/li>\n<\/ol>\n<p>5.1. T\u00e4m\u00e4 tietosuojak\u00e4yt\u00e4nt\u00f6 on laadittu sopusoinnussa Euroopan parlamentin ja neuvoston asetuksen (EU) 2016\/679 luonnollisten henkil\u00f6iden suojelusta henkil\u00f6tietojen k\u00e4sittelyss\u00e4 sek\u00e4 n\u00e4iden tietojen vapaasta liikkuvuudesta ja direktiivin 95\/46\/EY kumoamisesta (yleinen tietosuoja-asetus), Viron tasavallan henkil\u00f6tietosuojalain (isikuandmete kaitse seadus) ja Viron tasavallan ja Euroopan unionin lains\u00e4\u00e4d\u00e4nn\u00f6n kanssa.<\/p>\n<p>5.2. Rekisterinpit\u00e4j\u00e4ll\u00e4 on oikeus muuttaa tietosuojak\u00e4yt\u00e4nt\u00f6\u00e4 osittain tai kokonaan ilmoittamalla muutoksista rekister\u00f6idyille kotisivun\u00a0https:\/\/sepad.ee\/\u00a0kautta.<\/p>\n","protected":false},"excerpt":{"rendered":"<p>Yleiskohdat 1.1. T\u00e4m\u00e4 tietosuojak\u00e4yt\u00e4nt\u00f6 s\u00e4\u00e4telee henkil\u00f6tietojen ker\u00e4\u00e4mist\u00e4, k\u00e4sittely\u00e4 ja s\u00e4ilytt\u00e4mist\u00e4 koskevia periaatteita. Henkil\u00f6tietoja ker\u00e4\u00e4, k\u00e4sittelee ja s\u00e4ilytt\u00e4\u00e4 vastuullinen tietojenk\u00e4sittelij\u00e4 Saaremaa Sepad O\u00dc\u00a0(jatkossa rekisterinpit\u00e4j\u00e4). 1.2. Rekister\u00f6ity on tietosuojak\u00e4yt\u00e4nn\u00f6n tarkoittamassa merkityksess\u00e4 asiakas tai muu luonnollinen henkil\u00f6, jonka henkil\u00f6tietoja rekisterinpit\u00e4j\u00e4 k\u00e4sittelee. 1.3. Asiakas on tietosuojak\u00e4yt\u00e4nn\u00f6n tarkoittamassa merkityksess\u00e4 jokainen, joka ostaa rekisterinpit\u00e4j\u00e4n kotisivulta tavaroita tai palveluita. 1.4. Rekisterinpit\u00e4j\u00e4 noudattaa [&hellip;]<\/p>\n","protected":false},"author":1,"featured_media":0,"parent":0,"menu_order":9999,"comment_status":"closed","ping_status":"closed","template":"","meta":{"_acf_changed":false,"footnotes":""},"class_list":["post-4900","page","type-page","status-publish","hentry"],"acf":[],"_links":{"self":[{"href":"https:\/\/sepad.ee\/fi\/wp-json\/wp\/v2\/pages\/4900","targetHints":{"allow":["GET"]}}],"collection":[{"href":"https:\/\/sepad.ee\/fi\/wp-json\/wp\/v2\/pages"}],"about":[{"href":"https:\/\/sepad.ee\/fi\/wp-json\/wp\/v2\/types\/page"}],"author":[{"embeddable":true,"href":"https:\/\/sepad.ee\/fi\/wp-json\/wp\/v2\/users\/1"}],"replies":[{"embeddable":true,"href":"https:\/\/sepad.ee\/fi\/wp-json\/wp\/v2\/comments?post=4900"}],"version-history":[{"count":0,"href":"https:\/\/sepad.ee\/fi\/wp-json\/wp\/v2\/pages\/4900\/revisions"}],"wp:attachment":[{"href":"https:\/\/sepad.ee\/fi\/wp-json\/wp\/v2\/media?parent=4900"}],"curies":[{"name":"wp","href":"https:\/\/api.w.org\/{rel}","templated":true}]}}