{"id":1957,"date":"2015-12-11T10:17:27","date_gmt":"2015-12-11T08:17:27","guid":{"rendered":"https:\/\/sepad.ee\/rengaskahva"},"modified":"2019-09-13T13:42:00","modified_gmt":"2019-09-13T11:42:00","slug":"rengaskahva","status":"publish","type":"product","link":"https:\/\/sepad.ee\/fi\/tuote\/rengaskahva\/","title":{"rendered":"Rengaskahva"},"content":{"rendered":"<p class=\"western\" lang=\"en-US\"><span style=\"font-family: Arial, sans-serif;\"><span style=\"font-size: small;\"><span lang=\"fi-FI\">Aluslevy 70 x 70 mm, et\u00e4isyys sein\u00e4st\u00e4 ~50 mm, renkaan ulkol\u00e4pimitta 120 mm, happok\u00e4sitelty<\/span><\/span><\/span>.<\/p>\n","protected":false},"excerpt":{"rendered":"<p>Aluslevy 70 x 70 mm, et\u00e4isyys sein\u00e4st\u00e4 ~50 mm, renkaan ulkol\u00e4pimitta 120 mm, happok\u00e4sitelty.<\/p>\n","protected":false},"featured_media":3161,"comment_status":"closed","ping_status":"closed","template":"","meta":{"_acf_changed":false},"product_brand":[],"product_cat":[67,69],"product_tag":[],"class_list":{"0":"post-1957","1":"product","2":"type-product","3":"status-publish","4":"has-post-thumbnail","6":"product_cat-sisustus-fi","7":"product_cat-taotut-oven-osat","10":"first","11":"instock","12":"shipping-taxable","13":"purchasable","14":"product-type-simple"},"acf":[],"_links":{"self":[{"href":"https:\/\/sepad.ee\/fi\/wp-json\/wp\/v2\/product\/1957","targetHints":{"allow":["GET"]}}],"collection":[{"href":"https:\/\/sepad.ee\/fi\/wp-json\/wp\/v2\/product"}],"about":[{"href":"https:\/\/sepad.ee\/fi\/wp-json\/wp\/v2\/types\/product"}],"replies":[{"embeddable":true,"href":"https:\/\/sepad.ee\/fi\/wp-json\/wp\/v2\/comments?post=1957"}],"wp:featuredmedia":[{"embeddable":true,"href":"https:\/\/sepad.ee\/fi\/wp-json\/wp\/v2\/media\/3161"}],"wp:attachment":[{"href":"https:\/\/sepad.ee\/fi\/wp-json\/wp\/v2\/media?parent=1957"}],"wp:term":[{"taxonomy":"product_brand","embeddable":true,"href":"https:\/\/sepad.ee\/fi\/wp-json\/wp\/v2\/product_brand?post=1957"},{"taxonomy":"product_cat","embeddable":true,"href":"https:\/\/sepad.ee\/fi\/wp-json\/wp\/v2\/product_cat?post=1957"},{"taxonomy":"product_tag","embeddable":true,"href":"https:\/\/sepad.ee\/fi\/wp-json\/wp\/v2\/product_tag?post=1957"}],"curies":[{"name":"wp","href":"https:\/\/api.w.org\/{rel}","templated":true}]}}