{"id":1964,"date":"2015-12-11T10:30:43","date_gmt":"2015-12-11T08:30:43","guid":{"rendered":"https:\/\/sepad.ee\/riippulukon-salparaudat-50-cm"},"modified":"2019-09-05T12:36:49","modified_gmt":"2019-09-05T10:36:49","slug":"riippulukon-salparaudat-50-cm","status":"publish","type":"product","link":"https:\/\/sepad.ee\/fi\/tuote\/riippulukon-salparaudat-50-cm\/","title":{"rendered":"Riippulukon salparaudat 50 cm"},"content":{"rendered":"<p class=\"western\" lang=\"en-US\"><span style=\"font-family: Arial, sans-serif;\"><span style=\"font-size: small;\"><span lang=\"fi-FI\">Yhden kiskon pituus 500 mm, aukko lukkoa varten l\u00e4pimitta 14 mm, kiinnitett\u00e4v\u00e4ksi sopivat 60-90 mm:n pituiset sep\u00e4n naulat 8 kpl, naulanreikien l\u00e4pimitta 6 mm, happok\u00e4sitelty.<\/span><\/span><\/span><\/p>\n","protected":false},"excerpt":{"rendered":"<p>Yhden kiskon pituus 500 mm, aukko lukkoa varten l\u00e4pimitta 14 mm, kiinnitett\u00e4v\u00e4ksi sopivat 60-90 mm:n pituiset sep\u00e4n naulat 8 kpl, naulanreikien l\u00e4pimitta 6 mm, happok\u00e4sitelty.<\/p>\n","protected":false},"featured_media":336,"comment_status":"closed","ping_status":"closed","template":"","meta":{"_acf_changed":false},"product_brand":[],"product_cat":[69],"product_tag":[],"class_list":{"0":"post-1964","1":"product","2":"type-product","3":"status-publish","4":"has-post-thumbnail","6":"product_cat-taotut-oven-osat","9":"first","10":"instock","11":"shipping-taxable","12":"purchasable","13":"product-type-simple"},"acf":[],"_links":{"self":[{"href":"https:\/\/sepad.ee\/fi\/wp-json\/wp\/v2\/product\/1964","targetHints":{"allow":["GET"]}}],"collection":[{"href":"https:\/\/sepad.ee\/fi\/wp-json\/wp\/v2\/product"}],"about":[{"href":"https:\/\/sepad.ee\/fi\/wp-json\/wp\/v2\/types\/product"}],"replies":[{"embeddable":true,"href":"https:\/\/sepad.ee\/fi\/wp-json\/wp\/v2\/comments?post=1964"}],"wp:featuredmedia":[{"embeddable":true,"href":"https:\/\/sepad.ee\/fi\/wp-json\/wp\/v2\/media\/336"}],"wp:attachment":[{"href":"https:\/\/sepad.ee\/fi\/wp-json\/wp\/v2\/media?parent=1964"}],"wp:term":[{"taxonomy":"product_brand","embeddable":true,"href":"https:\/\/sepad.ee\/fi\/wp-json\/wp\/v2\/product_brand?post=1964"},{"taxonomy":"product_cat","embeddable":true,"href":"https:\/\/sepad.ee\/fi\/wp-json\/wp\/v2\/product_cat?post=1964"},{"taxonomy":"product_tag","embeddable":true,"href":"https:\/\/sepad.ee\/fi\/wp-json\/wp\/v2\/product_tag?post=1964"}],"curies":[{"name":"wp","href":"https:\/\/api.w.org\/{rel}","templated":true}]}}