{"id":1966,"date":"2015-12-11T10:31:43","date_gmt":"2015-12-11T08:31:43","guid":{"rendered":"https:\/\/sepad.ee\/salparauta-silmukalla"},"modified":"2019-09-05T12:35:24","modified_gmt":"2019-09-05T10:35:24","slug":"salparauta-silmukalla","status":"publish","type":"product","link":"https:\/\/sepad.ee\/fi\/tuote\/salparauta-silmukalla\/","title":{"rendered":"Salparauta silmukalla"},"content":{"rendered":"<p class=\"western\" lang=\"en-US\"><span style=\"font-family: Arial, sans-serif;\"><span style=\"font-size: small;\"><span lang=\"fi-FI\">Kokonaispituus ~28 cm, aukkojen kentt\u00e4 ~16 cm, lenkin aukon l\u00e4pimitta 1,5 cm, happok\u00e4sitelty<\/span><\/span><\/span>.<\/p>\n","protected":false},"excerpt":{"rendered":"<p>Kokonaispituus ~28 cm, aukkojen kentt\u00e4 ~16 cm, lenkin aukon l\u00e4pimitta 1,5 cm, happok\u00e4sitelty.<\/p>\n","protected":false},"featured_media":315,"comment_status":"closed","ping_status":"closed","template":"","meta":{"_acf_changed":false},"product_brand":[],"product_cat":[69],"product_tag":[],"class_list":{"0":"post-1966","1":"product","2":"type-product","3":"status-publish","4":"has-post-thumbnail","6":"product_cat-taotut-oven-osat","9":"first","10":"instock","11":"shipping-taxable","12":"purchasable","13":"product-type-simple"},"acf":[],"_links":{"self":[{"href":"https:\/\/sepad.ee\/fi\/wp-json\/wp\/v2\/product\/1966","targetHints":{"allow":["GET"]}}],"collection":[{"href":"https:\/\/sepad.ee\/fi\/wp-json\/wp\/v2\/product"}],"about":[{"href":"https:\/\/sepad.ee\/fi\/wp-json\/wp\/v2\/types\/product"}],"replies":[{"embeddable":true,"href":"https:\/\/sepad.ee\/fi\/wp-json\/wp\/v2\/comments?post=1966"}],"wp:featuredmedia":[{"embeddable":true,"href":"https:\/\/sepad.ee\/fi\/wp-json\/wp\/v2\/media\/315"}],"wp:attachment":[{"href":"https:\/\/sepad.ee\/fi\/wp-json\/wp\/v2\/media?parent=1966"}],"wp:term":[{"taxonomy":"product_brand","embeddable":true,"href":"https:\/\/sepad.ee\/fi\/wp-json\/wp\/v2\/product_brand?post=1966"},{"taxonomy":"product_cat","embeddable":true,"href":"https:\/\/sepad.ee\/fi\/wp-json\/wp\/v2\/product_cat?post=1966"},{"taxonomy":"product_tag","embeddable":true,"href":"https:\/\/sepad.ee\/fi\/wp-json\/wp\/v2\/product_tag?post=1966"}],"curies":[{"name":"wp","href":"https:\/\/api.w.org\/{rel}","templated":true}]}}