{"id":1967,"date":"2015-12-11T10:36:24","date_gmt":"2015-12-11T08:36:24","guid":{"rendered":"https:\/\/sepad.ee\/maalaistalon-ovikahva"},"modified":"2019-09-05T11:06:58","modified_gmt":"2019-09-05T09:06:58","slug":"maalaistalon-ovikahva","status":"publish","type":"product","link":"https:\/\/sepad.ee\/fi\/tuote\/maalaistalon-ovikahva\/","title":{"rendered":"Maalaistalon ovikahva"},"content":{"rendered":"<p class=\"western\" lang=\"en-US\"><span style=\"font-family: Arial, sans-serif;\"><span style=\"font-size: small;\"><span lang=\"fi-FI\">Klassinen talonoven kahva, kahvan korkeus ~22cm, oven l\u00e4pi menev\u00e4n osan pituus 6,5 cm, vivun pituus ~26 cm happok\u00e4sitelty, sarjassa 4 osaa<\/span><\/span><\/span>.<\/p>\n","protected":false},"excerpt":{"rendered":"<p>Klassinen talonoven kahva, kahvan korkeus ~22cm, oven l\u00e4pi menev\u00e4n osan pituus 6,5 cm, vivun pituus ~26 cm happok\u00e4sitelty, sarjassa 4 osaa.<\/p>\n","protected":false},"featured_media":306,"comment_status":"closed","ping_status":"closed","template":"","meta":{"_acf_changed":false},"product_brand":[],"product_cat":[69],"product_tag":[],"class_list":{"0":"post-1967","1":"product","2":"type-product","3":"status-publish","4":"has-post-thumbnail","6":"product_cat-taotut-oven-osat","9":"first","10":"instock","11":"shipping-taxable","12":"purchasable","13":"product-type-simple"},"acf":[],"_links":{"self":[{"href":"https:\/\/sepad.ee\/fi\/wp-json\/wp\/v2\/product\/1967","targetHints":{"allow":["GET"]}}],"collection":[{"href":"https:\/\/sepad.ee\/fi\/wp-json\/wp\/v2\/product"}],"about":[{"href":"https:\/\/sepad.ee\/fi\/wp-json\/wp\/v2\/types\/product"}],"replies":[{"embeddable":true,"href":"https:\/\/sepad.ee\/fi\/wp-json\/wp\/v2\/comments?post=1967"}],"wp:featuredmedia":[{"embeddable":true,"href":"https:\/\/sepad.ee\/fi\/wp-json\/wp\/v2\/media\/306"}],"wp:attachment":[{"href":"https:\/\/sepad.ee\/fi\/wp-json\/wp\/v2\/media?parent=1967"}],"wp:term":[{"taxonomy":"product_brand","embeddable":true,"href":"https:\/\/sepad.ee\/fi\/wp-json\/wp\/v2\/product_brand?post=1967"},{"taxonomy":"product_cat","embeddable":true,"href":"https:\/\/sepad.ee\/fi\/wp-json\/wp\/v2\/product_cat?post=1967"},{"taxonomy":"product_tag","embeddable":true,"href":"https:\/\/sepad.ee\/fi\/wp-json\/wp\/v2\/product_tag?post=1967"}],"curies":[{"name":"wp","href":"https:\/\/api.w.org\/{rel}","templated":true}]}}