{"id":1972,"date":"2015-12-11T10:01:06","date_gmt":"2015-12-11T08:01:06","guid":{"rendered":"https:\/\/sepad.ee\/pianosaranat-50-cm"},"modified":"2023-03-16T11:20:12","modified_gmt":"2023-03-16T09:20:12","slug":"pianosaranat-50-cm","status":"publish","type":"product","link":"https:\/\/sepad.ee\/fi\/tuote\/pianosaranat-50-cm\/","title":{"rendered":"Pianosaranat 500 mm"},"content":{"rendered":"<p class=\"western\" lang=\"en-US\"><span style=\"font-family: Arial, sans-serif;\"><span style=\"font-size: small;\"><span lang=\"fi-FI\">Yhdistelm\u00e4\u00e4n kuuluu vanhanajan saranoiden pari sakaroin ja kahdella puukierteisell\u00e4 sakarapultilla 10&#215;110 mm, happok\u00e4sitelty. Suosittelemme kiinnitt\u00e4mist\u00e4 90 mm pituisin sep\u00e4n nauloin.<\/span><\/span><\/span><\/p>\n<p><span style=\"font-family: Arial, sans-serif;\"><span style=\"font-size: small;\"><span lang=\"fi-FI\">Ensimm\u00e4isest\u00e4 kiskon aukosta suosittelemme kiinnitt\u00e4mist\u00e4 kansipultilla, muista aukoista 90 mm pitui<\/span><\/span><\/span><span style=\"font-family: Arial, sans-serif;\"><span style=\"font-size: small;\"><span lang=\"fi-FI\">nauloin<\/span><\/span><\/span>.<\/p>\n<p class=\"western\" lang=\"en-US\"><span style=\"font-family: Arial, sans-serif;\"><span style=\"font-size: small;\"><span lang=\"fi-FI\">\u00a0<\/span><\/span><\/span><\/p>\n","protected":false},"excerpt":{"rendered":"<p>Yhdistelm\u00e4\u00e4n kuuluu vanhanajan saranoiden pari sakaroin ja kahdella puukierteisell\u00e4 sakarapultilla 10&#215;110 mm, happok\u00e4sitelty. Suosittelemme kiinnitt\u00e4mist\u00e4 90 mm pituisin sep\u00e4n nauloin. Ensimm\u00e4isest\u00e4 kiskon aukosta suosittelemme kiinnitt\u00e4mist\u00e4 kansipultilla, muista aukoista 90 mm pituinauloin. \u00a0<\/p>\n","protected":false},"featured_media":283,"comment_status":"closed","ping_status":"closed","template":"","meta":{"_acf_changed":false},"product_brand":[],"product_cat":[59,69],"product_tag":[],"class_list":{"0":"post-1972","1":"product","2":"type-product","3":"status-publish","4":"has-post-thumbnail","6":"product_cat-rakennustarvikkeet","7":"product_cat-taotut-oven-osat","10":"first","11":"instock","12":"shipping-taxable","13":"purchasable","14":"product-type-simple"},"acf":[],"_links":{"self":[{"href":"https:\/\/sepad.ee\/fi\/wp-json\/wp\/v2\/product\/1972","targetHints":{"allow":["GET"]}}],"collection":[{"href":"https:\/\/sepad.ee\/fi\/wp-json\/wp\/v2\/product"}],"about":[{"href":"https:\/\/sepad.ee\/fi\/wp-json\/wp\/v2\/types\/product"}],"replies":[{"embeddable":true,"href":"https:\/\/sepad.ee\/fi\/wp-json\/wp\/v2\/comments?post=1972"}],"wp:featuredmedia":[{"embeddable":true,"href":"https:\/\/sepad.ee\/fi\/wp-json\/wp\/v2\/media\/283"}],"wp:attachment":[{"href":"https:\/\/sepad.ee\/fi\/wp-json\/wp\/v2\/media?parent=1972"}],"wp:term":[{"taxonomy":"product_brand","embeddable":true,"href":"https:\/\/sepad.ee\/fi\/wp-json\/wp\/v2\/product_brand?post=1972"},{"taxonomy":"product_cat","embeddable":true,"href":"https:\/\/sepad.ee\/fi\/wp-json\/wp\/v2\/product_cat?post=1972"},{"taxonomy":"product_tag","embeddable":true,"href":"https:\/\/sepad.ee\/fi\/wp-json\/wp\/v2\/product_tag?post=1972"}],"curies":[{"name":"wp","href":"https:\/\/api.w.org\/{rel}","templated":true}]}}