{"id":1973,"date":"2015-12-11T10:03:43","date_gmt":"2015-12-11T10:03:43","guid":{"rendered":"https:\/\/sepad.ee\/pianosaranat-70-cm"},"modified":"2023-03-16T11:20:43","modified_gmt":"2023-03-16T09:20:43","slug":"pianosaranat-70-cm","status":"publish","type":"product","link":"https:\/\/sepad.ee\/fi\/tuote\/pianosaranat-70-cm\/","title":{"rendered":"Pianosaranat 700 mm"},"content":{"rendered":"<p class=\"western\" lang=\"en-US\"><span lang=\"fi-FI\">Yhdistelm\u00e4\u00e4n kuuluu vanhanajan saranoiden pari sakaroin ja kahdella puukierteisell\u00e4 sakarapultilla 16&#215;135 mm, happok\u00e4sitelty.<br \/>\n<\/span><\/p>\n<p><span lang=\"fi-FI\">Ensimm\u00e4isest\u00e4 kiskon aukosta suosittelemme kiinnitt\u00e4mist\u00e4 kansipultilla, muista aukoista 90 mm pitui<\/span><span lang=\"fi-FI\">nauloin<\/span>.<\/p>\n<p class=\"western\" lang=\"en-US\">\n","protected":false},"excerpt":{"rendered":"<p>Yhdistelm\u00e4\u00e4n kuuluu vanhanajan saranoiden pari sakaroin ja kahdella puukierteisell\u00e4 sakarapultilla 16&#215;135 mm, happok\u00e4sitelty. Ensimm\u00e4isest\u00e4 kiskon aukosta suosittelemme kiinnitt\u00e4mist\u00e4 kansipultilla, muista aukoista 90 mm pituinauloin.<\/p>\n","protected":false},"featured_media":286,"comment_status":"closed","ping_status":"closed","template":"","meta":{"_acf_changed":false},"product_brand":[],"product_cat":[59,69],"product_tag":[],"class_list":{"0":"post-1973","1":"product","2":"type-product","3":"status-publish","4":"has-post-thumbnail","6":"product_cat-rakennustarvikkeet","7":"product_cat-taotut-oven-osat","10":"first","11":"instock","12":"shipping-taxable","13":"purchasable","14":"product-type-simple"},"acf":[],"_links":{"self":[{"href":"https:\/\/sepad.ee\/fi\/wp-json\/wp\/v2\/product\/1973","targetHints":{"allow":["GET"]}}],"collection":[{"href":"https:\/\/sepad.ee\/fi\/wp-json\/wp\/v2\/product"}],"about":[{"href":"https:\/\/sepad.ee\/fi\/wp-json\/wp\/v2\/types\/product"}],"replies":[{"embeddable":true,"href":"https:\/\/sepad.ee\/fi\/wp-json\/wp\/v2\/comments?post=1973"}],"wp:featuredmedia":[{"embeddable":true,"href":"https:\/\/sepad.ee\/fi\/wp-json\/wp\/v2\/media\/286"}],"wp:attachment":[{"href":"https:\/\/sepad.ee\/fi\/wp-json\/wp\/v2\/media?parent=1973"}],"wp:term":[{"taxonomy":"product_brand","embeddable":true,"href":"https:\/\/sepad.ee\/fi\/wp-json\/wp\/v2\/product_brand?post=1973"},{"taxonomy":"product_cat","embeddable":true,"href":"https:\/\/sepad.ee\/fi\/wp-json\/wp\/v2\/product_cat?post=1973"},{"taxonomy":"product_tag","embeddable":true,"href":"https:\/\/sepad.ee\/fi\/wp-json\/wp\/v2\/product_tag?post=1973"}],"curies":[{"name":"wp","href":"https:\/\/api.w.org\/{rel}","templated":true}]}}