{"id":1975,"date":"2015-12-11T09:57:06","date_gmt":"2015-12-11T07:57:06","guid":{"rendered":"https:\/\/sepad.ee\/pianosaranat-20-cm"},"modified":"2023-03-16T11:21:52","modified_gmt":"2023-03-16T09:21:52","slug":"pianosaranat-20-cm","status":"publish","type":"product","link":"https:\/\/sepad.ee\/fi\/tuote\/pianosaranat-20-cm\/","title":{"rendered":"Pianosaranat 200 mm"},"content":{"rendered":"<p class=\"western\" lang=\"en-US\"><span style=\"font-family: Arial, sans-serif;\"><span style=\"font-size: small;\"><span lang=\"fi-FI\">Yhdistelm\u00e4\u00e4n kuuluu vanhanajan saranoiden pari sakaroin ja kahdella puukierteisell\u00e4 sakarapultilla 6&#215;60 mm, happok\u00e4sitelty. Suosittelemme kiinnitt\u00e4mist\u00e4 60 mm pituisin sep\u00e4n nauloin. Yhdistelm\u00e4\u00e4 kohti tarvitaan 8 naulaa.<\/span><\/span><\/span><\/p>\n","protected":false},"excerpt":{"rendered":"<p>Yhdistelm\u00e4\u00e4n kuuluu vanhanajan saranoiden pari sakaroin ja kahdella puukierteisell\u00e4 sakarapultilla 6&#215;60 mm, happok\u00e4sitelty. Suosittelemme kiinnitt\u00e4mist\u00e4 60 mm pituisin sep\u00e4n nauloin. Yhdistelm\u00e4\u00e4 kohti tarvitaan 8 naulaa.<\/p>\n","protected":false},"featured_media":277,"comment_status":"closed","ping_status":"closed","template":"","meta":{"_acf_changed":false},"product_brand":[],"product_cat":[59,69],"product_tag":[],"class_list":{"0":"post-1975","1":"product","2":"type-product","3":"status-publish","4":"has-post-thumbnail","6":"product_cat-rakennustarvikkeet","7":"product_cat-taotut-oven-osat","10":"first","11":"instock","12":"shipping-taxable","13":"purchasable","14":"product-type-simple"},"acf":[],"_links":{"self":[{"href":"https:\/\/sepad.ee\/fi\/wp-json\/wp\/v2\/product\/1975","targetHints":{"allow":["GET"]}}],"collection":[{"href":"https:\/\/sepad.ee\/fi\/wp-json\/wp\/v2\/product"}],"about":[{"href":"https:\/\/sepad.ee\/fi\/wp-json\/wp\/v2\/types\/product"}],"replies":[{"embeddable":true,"href":"https:\/\/sepad.ee\/fi\/wp-json\/wp\/v2\/comments?post=1975"}],"wp:featuredmedia":[{"embeddable":true,"href":"https:\/\/sepad.ee\/fi\/wp-json\/wp\/v2\/media\/277"}],"wp:attachment":[{"href":"https:\/\/sepad.ee\/fi\/wp-json\/wp\/v2\/media?parent=1975"}],"wp:term":[{"taxonomy":"product_brand","embeddable":true,"href":"https:\/\/sepad.ee\/fi\/wp-json\/wp\/v2\/product_brand?post=1975"},{"taxonomy":"product_cat","embeddable":true,"href":"https:\/\/sepad.ee\/fi\/wp-json\/wp\/v2\/product_cat?post=1975"},{"taxonomy":"product_tag","embeddable":true,"href":"https:\/\/sepad.ee\/fi\/wp-json\/wp\/v2\/product_tag?post=1975"}],"curies":[{"name":"wp","href":"https:\/\/api.w.org\/{rel}","templated":true}]}}