{"id":1984,"date":"2015-12-11T11:11:19","date_gmt":"2015-12-11T09:11:19","guid":{"rendered":"https:\/\/sepad.ee\/oven-kulmavahvikkeet"},"modified":"2021-11-02T16:27:13","modified_gmt":"2021-11-02T14:27:13","slug":"oven-kulmavahvikkeet","status":"publish","type":"product","link":"https:\/\/sepad.ee\/fi\/tuote\/oven-kulmavahvikkeet\/","title":{"rendered":"Oven kulmavahvikkeet"},"content":{"rendered":"<p class=\"western\" lang=\"en-US\"><span style=\"font-family: Arial, sans-serif;\"><span style=\"font-size: small;\"><span lang=\"fi-FI\">Haarojen pituus 300 mm, kiskon leveys leve\u00e4mm\u00e4st\u00e4 kohdasta 35 mm, aukkojen l\u00e4pimitta 8,5 mm, happok\u00e4sitelty<\/span><\/span><\/span>.<\/p>\n","protected":false},"excerpt":{"rendered":"<p>Haarojen pituus 300 mm, kiskon leveys leve\u00e4mm\u00e4st\u00e4 kohdasta 35 mm, aukkojen l\u00e4pimitta 8,5 mm, happok\u00e4sitelty.<\/p>\n","protected":false},"featured_media":4061,"comment_status":"closed","ping_status":"closed","template":"","meta":{"_acf_changed":false},"product_brand":[],"product_cat":[59,69],"product_tag":[],"class_list":{"0":"post-1984","1":"product","2":"type-product","3":"status-publish","4":"has-post-thumbnail","6":"product_cat-rakennustarvikkeet","7":"product_cat-taotut-oven-osat","10":"first","11":"instock","12":"shipping-taxable","13":"purchasable","14":"product-type-simple"},"acf":[],"_links":{"self":[{"href":"https:\/\/sepad.ee\/fi\/wp-json\/wp\/v2\/product\/1984","targetHints":{"allow":["GET"]}}],"collection":[{"href":"https:\/\/sepad.ee\/fi\/wp-json\/wp\/v2\/product"}],"about":[{"href":"https:\/\/sepad.ee\/fi\/wp-json\/wp\/v2\/types\/product"}],"replies":[{"embeddable":true,"href":"https:\/\/sepad.ee\/fi\/wp-json\/wp\/v2\/comments?post=1984"}],"wp:featuredmedia":[{"embeddable":true,"href":"https:\/\/sepad.ee\/fi\/wp-json\/wp\/v2\/media\/4061"}],"wp:attachment":[{"href":"https:\/\/sepad.ee\/fi\/wp-json\/wp\/v2\/media?parent=1984"}],"wp:term":[{"taxonomy":"product_brand","embeddable":true,"href":"https:\/\/sepad.ee\/fi\/wp-json\/wp\/v2\/product_brand?post=1984"},{"taxonomy":"product_cat","embeddable":true,"href":"https:\/\/sepad.ee\/fi\/wp-json\/wp\/v2\/product_cat?post=1984"},{"taxonomy":"product_tag","embeddable":true,"href":"https:\/\/sepad.ee\/fi\/wp-json\/wp\/v2\/product_tag?post=1984"}],"curies":[{"name":"wp","href":"https:\/\/api.w.org\/{rel}","templated":true}]}}