{"id":2013,"date":"2015-12-14T11:58:00","date_gmt":"2015-12-14T09:58:00","guid":{"rendered":"https:\/\/sepad.ee\/hyllynkannatin-15-cm"},"modified":"2019-09-05T13:12:10","modified_gmt":"2019-09-05T11:12:10","slug":"hyllynkannatin-15-cm","status":"publish","type":"product","link":"https:\/\/sepad.ee\/fi\/tuote\/hyllynkannatin-15-cm\/","title":{"rendered":"Hyllynkannatin 15 cm"},"content":{"rendered":"<p class=\"western\" lang=\"en-US\"><span style=\"font-family: Arial, sans-serif;\"><span style=\"font-size: small;\"><span lang=\"fi-FI\">Et\u00e4isyys sein\u00e4st\u00e4 15 cm, korkeus ~19 cm, sein\u00e4kiinnityksen leveys ~8 cm, katsastettu 20 kg:n kuormalla, pinnoitettu matalla jauhelakalla.<\/span><\/span><\/span><\/p>\n","protected":false},"excerpt":{"rendered":"<p>Et\u00e4isyys sein\u00e4st\u00e4 15 cm, korkeus ~19 cm, sein\u00e4kiinnityksen leveys ~8 cm, katsastettu 20 kg:n kuormalla, pinnoitettu matalla jauhelakalla.<\/p>\n","protected":false},"featured_media":817,"comment_status":"closed","ping_status":"closed","template":"","meta":{"_acf_changed":false},"product_brand":[],"product_cat":[67],"product_tag":[],"class_list":{"0":"post-2013","1":"product","2":"type-product","3":"status-publish","4":"has-post-thumbnail","6":"product_cat-sisustus-fi","9":"first","10":"instock","11":"shipping-taxable","12":"purchasable","13":"product-type-simple"},"acf":[],"_links":{"self":[{"href":"https:\/\/sepad.ee\/fi\/wp-json\/wp\/v2\/product\/2013","targetHints":{"allow":["GET"]}}],"collection":[{"href":"https:\/\/sepad.ee\/fi\/wp-json\/wp\/v2\/product"}],"about":[{"href":"https:\/\/sepad.ee\/fi\/wp-json\/wp\/v2\/types\/product"}],"replies":[{"embeddable":true,"href":"https:\/\/sepad.ee\/fi\/wp-json\/wp\/v2\/comments?post=2013"}],"wp:featuredmedia":[{"embeddable":true,"href":"https:\/\/sepad.ee\/fi\/wp-json\/wp\/v2\/media\/817"}],"wp:attachment":[{"href":"https:\/\/sepad.ee\/fi\/wp-json\/wp\/v2\/media?parent=2013"}],"wp:term":[{"taxonomy":"product_brand","embeddable":true,"href":"https:\/\/sepad.ee\/fi\/wp-json\/wp\/v2\/product_brand?post=2013"},{"taxonomy":"product_cat","embeddable":true,"href":"https:\/\/sepad.ee\/fi\/wp-json\/wp\/v2\/product_cat?post=2013"},{"taxonomy":"product_tag","embeddable":true,"href":"https:\/\/sepad.ee\/fi\/wp-json\/wp\/v2\/product_tag?post=2013"}],"curies":[{"name":"wp","href":"https:\/\/api.w.org\/{rel}","templated":true}]}}