{"id":2028,"date":"2015-12-14T08:51:28","date_gmt":"2015-12-14T06:51:28","guid":{"rendered":"https:\/\/sepad.ee\/vaatenaulakko-3-ripustuskoukulla"},"modified":"2019-09-05T13:33:48","modified_gmt":"2019-09-05T11:33:48","slug":"vaatenaulakko-3-ripustuskoukulla","status":"publish","type":"product","link":"https:\/\/sepad.ee\/fi\/tuote\/vaatenaulakko-3-ripustuskoukulla\/","title":{"rendered":"Vaatenaulakko 3 ripustuskoukulla"},"content":{"rendered":"<p>Leveys 41 cm, korkeus 15 cm, s\u00e4in\u00e4st\u00e4 13 cm, pinnoitettu matalla jauhelakalla.<\/p>\n","protected":false},"excerpt":{"rendered":"<p>Leveys 41 cm, korkeus 15 cm, s\u00e4in\u00e4st\u00e4 13 cm, pinnoitettu matalla jauhelakalla.<\/p>\n","protected":false},"featured_media":3122,"comment_status":"closed","ping_status":"closed","template":"","meta":{"_acf_changed":false},"product_brand":[],"product_cat":[64,66,67],"product_tag":[],"class_list":{"0":"post-2028","1":"product","2":"type-product","3":"status-publish","4":"has-post-thumbnail","6":"product_cat-naulakot-ja-riputuskoukut","7":"product_cat-sauna-ja-takkatarvikkeet","8":"product_cat-sisustus-fi","11":"first","12":"instock","13":"shipping-taxable","14":"purchasable","15":"product-type-simple"},"acf":[],"_links":{"self":[{"href":"https:\/\/sepad.ee\/fi\/wp-json\/wp\/v2\/product\/2028","targetHints":{"allow":["GET"]}}],"collection":[{"href":"https:\/\/sepad.ee\/fi\/wp-json\/wp\/v2\/product"}],"about":[{"href":"https:\/\/sepad.ee\/fi\/wp-json\/wp\/v2\/types\/product"}],"replies":[{"embeddable":true,"href":"https:\/\/sepad.ee\/fi\/wp-json\/wp\/v2\/comments?post=2028"}],"wp:featuredmedia":[{"embeddable":true,"href":"https:\/\/sepad.ee\/fi\/wp-json\/wp\/v2\/media\/3122"}],"wp:attachment":[{"href":"https:\/\/sepad.ee\/fi\/wp-json\/wp\/v2\/media?parent=2028"}],"wp:term":[{"taxonomy":"product_brand","embeddable":true,"href":"https:\/\/sepad.ee\/fi\/wp-json\/wp\/v2\/product_brand?post=2028"},{"taxonomy":"product_cat","embeddable":true,"href":"https:\/\/sepad.ee\/fi\/wp-json\/wp\/v2\/product_cat?post=2028"},{"taxonomy":"product_tag","embeddable":true,"href":"https:\/\/sepad.ee\/fi\/wp-json\/wp\/v2\/product_tag?post=2028"}],"curies":[{"name":"wp","href":"https:\/\/api.w.org\/{rel}","templated":true}]}}