{"id":2032,"date":"2015-12-14T08:50:34","date_gmt":"2015-12-14T06:50:34","guid":{"rendered":"https:\/\/sepad.ee\/vaatenaulakko-2-ripustuskoukulla"},"modified":"2019-09-05T13:34:48","modified_gmt":"2019-09-05T11:34:48","slug":"vaatenaulakko-2-ripustuskoukulla","status":"publish","type":"product","link":"https:\/\/sepad.ee\/fi\/tuote\/vaatenaulakko-2-ripustuskoukulla\/","title":{"rendered":"Vaatenaulakko 2 ripustuskoukulla"},"content":{"rendered":"<p>Leveys 30 cm, korkeus 15 cm, s\u00e4in\u00e4st\u00e4 9 cm, pinnoitettu matalla jauhelakalla.<\/p>\n","protected":false},"excerpt":{"rendered":"<p>Leveys 30 cm, korkeus 15 cm, s\u00e4in\u00e4st\u00e4 9 cm, pinnoitettu matalla jauhelakalla.<\/p>\n","protected":false},"featured_media":3134,"comment_status":"closed","ping_status":"closed","template":"","meta":{"_acf_changed":false},"product_brand":[],"product_cat":[64,67],"product_tag":[],"class_list":{"0":"post-2032","1":"product","2":"type-product","3":"status-publish","4":"has-post-thumbnail","6":"product_cat-naulakot-ja-riputuskoukut","7":"product_cat-sisustus-fi","10":"first","11":"instock","12":"shipping-taxable","13":"purchasable","14":"product-type-simple"},"acf":[],"_links":{"self":[{"href":"https:\/\/sepad.ee\/fi\/wp-json\/wp\/v2\/product\/2032","targetHints":{"allow":["GET"]}}],"collection":[{"href":"https:\/\/sepad.ee\/fi\/wp-json\/wp\/v2\/product"}],"about":[{"href":"https:\/\/sepad.ee\/fi\/wp-json\/wp\/v2\/types\/product"}],"replies":[{"embeddable":true,"href":"https:\/\/sepad.ee\/fi\/wp-json\/wp\/v2\/comments?post=2032"}],"wp:featuredmedia":[{"embeddable":true,"href":"https:\/\/sepad.ee\/fi\/wp-json\/wp\/v2\/media\/3134"}],"wp:attachment":[{"href":"https:\/\/sepad.ee\/fi\/wp-json\/wp\/v2\/media?parent=2032"}],"wp:term":[{"taxonomy":"product_brand","embeddable":true,"href":"https:\/\/sepad.ee\/fi\/wp-json\/wp\/v2\/product_brand?post=2032"},{"taxonomy":"product_cat","embeddable":true,"href":"https:\/\/sepad.ee\/fi\/wp-json\/wp\/v2\/product_cat?post=2032"},{"taxonomy":"product_tag","embeddable":true,"href":"https:\/\/sepad.ee\/fi\/wp-json\/wp\/v2\/product_tag?post=2032"}],"curies":[{"name":"wp","href":"https:\/\/api.w.org\/{rel}","templated":true}]}}