{"id":2033,"date":"2015-12-14T08:49:43","date_gmt":"2015-12-14T08:49:43","guid":{"rendered":"https:\/\/sepad.ee\/vaatenaulakko-%e2%80%9ckaruselli%e2%80%9d"},"modified":"2019-09-05T09:46:07","modified_gmt":"2019-09-05T07:46:07","slug":"vaatenaulakko-karuselli","status":"publish","type":"product","link":"https:\/\/sepad.ee\/fi\/tuote\/vaatenaulakko-karuselli\/","title":{"rendered":"Vaatenaulakko \u201cKaruselli\u201d"},"content":{"rendered":"<p class=\"western\" lang=\"en-US\"><span style=\"font-family: Arial, sans-serif;\"><span style=\"font-size: small;\"><span lang=\"fi-FI\">Renkaan sis\u00e4mitta on 35 cm, et\u00e4isyys sein\u00e4st\u00e4 58 cm, pinnoitettu suojavahalla.<br \/>\n<\/span><\/span><\/span><\/p>\n","protected":false},"excerpt":{"rendered":"<p>Renkaan sis\u00e4mitta on 35 cm, et\u00e4isyys sein\u00e4st\u00e4 58 cm, pinnoitettu suojavahalla.<\/p>\n","protected":false},"featured_media":638,"comment_status":"closed","ping_status":"closed","template":"","meta":{"_acf_changed":false},"product_brand":[],"product_cat":[64,67],"product_tag":[],"class_list":{"0":"post-2033","1":"product","2":"type-product","3":"status-publish","4":"has-post-thumbnail","6":"product_cat-naulakot-ja-riputuskoukut","7":"product_cat-sisustus-fi","10":"first","11":"instock","12":"shipping-taxable","13":"purchasable","14":"product-type-simple"},"acf":[],"_links":{"self":[{"href":"https:\/\/sepad.ee\/fi\/wp-json\/wp\/v2\/product\/2033","targetHints":{"allow":["GET"]}}],"collection":[{"href":"https:\/\/sepad.ee\/fi\/wp-json\/wp\/v2\/product"}],"about":[{"href":"https:\/\/sepad.ee\/fi\/wp-json\/wp\/v2\/types\/product"}],"replies":[{"embeddable":true,"href":"https:\/\/sepad.ee\/fi\/wp-json\/wp\/v2\/comments?post=2033"}],"wp:featuredmedia":[{"embeddable":true,"href":"https:\/\/sepad.ee\/fi\/wp-json\/wp\/v2\/media\/638"}],"wp:attachment":[{"href":"https:\/\/sepad.ee\/fi\/wp-json\/wp\/v2\/media?parent=2033"}],"wp:term":[{"taxonomy":"product_brand","embeddable":true,"href":"https:\/\/sepad.ee\/fi\/wp-json\/wp\/v2\/product_brand?post=2033"},{"taxonomy":"product_cat","embeddable":true,"href":"https:\/\/sepad.ee\/fi\/wp-json\/wp\/v2\/product_cat?post=2033"},{"taxonomy":"product_tag","embeddable":true,"href":"https:\/\/sepad.ee\/fi\/wp-json\/wp\/v2\/product_tag?post=2033"}],"curies":[{"name":"wp","href":"https:\/\/api.w.org\/{rel}","templated":true}]}}