{"id":2049,"date":"2015-12-14T08:20:40","date_gmt":"2015-12-14T06:20:40","guid":{"rendered":"https:\/\/sepad.ee\/kauhatanko-90-cm"},"modified":"2019-09-04T11:34:10","modified_gmt":"2019-09-04T09:34:10","slug":"kauhatanko-90-cm","status":"publish","type":"product","link":"https:\/\/sepad.ee\/fi\/tuote\/kauhatanko-90-cm\/","title":{"rendered":"Kauhatanko 90 cm"},"content":{"rendered":"<p class=\"western\" lang=\"en-US\"><span style=\"font-family: Arial, sans-serif;\"><span style=\"font-size: small;\"><span lang=\"fi-FI\">Pituus 90 cm, kiinnitysten kentt\u00e4 ~69 cm, et\u00e4isyys sein\u00e4st\u00e4 ~6 cm, pinnoitettu matalla jauhelakalla.<\/span><\/span><\/span><\/p>\n","protected":false},"excerpt":{"rendered":"<p>Pituus 90 cm, kiinnitysten kentt\u00e4 ~69 cm, et\u00e4isyys sein\u00e4st\u00e4 ~6 cm, pinnoitettu matalla jauhelakalla.<\/p>\n","protected":false},"featured_media":581,"comment_status":"closed","ping_status":"closed","template":"","meta":{"_acf_changed":false},"product_brand":[],"product_cat":[66,67],"product_tag":[],"class_list":{"0":"post-2049","1":"product","2":"type-product","3":"status-publish","4":"has-post-thumbnail","6":"product_cat-sauna-ja-takkatarvikkeet","7":"product_cat-sisustus-fi","10":"first","11":"instock","12":"shipping-taxable","13":"purchasable","14":"product-type-simple"},"acf":[],"_links":{"self":[{"href":"https:\/\/sepad.ee\/fi\/wp-json\/wp\/v2\/product\/2049","targetHints":{"allow":["GET"]}}],"collection":[{"href":"https:\/\/sepad.ee\/fi\/wp-json\/wp\/v2\/product"}],"about":[{"href":"https:\/\/sepad.ee\/fi\/wp-json\/wp\/v2\/types\/product"}],"replies":[{"embeddable":true,"href":"https:\/\/sepad.ee\/fi\/wp-json\/wp\/v2\/comments?post=2049"}],"wp:featuredmedia":[{"embeddable":true,"href":"https:\/\/sepad.ee\/fi\/wp-json\/wp\/v2\/media\/581"}],"wp:attachment":[{"href":"https:\/\/sepad.ee\/fi\/wp-json\/wp\/v2\/media?parent=2049"}],"wp:term":[{"taxonomy":"product_brand","embeddable":true,"href":"https:\/\/sepad.ee\/fi\/wp-json\/wp\/v2\/product_brand?post=2049"},{"taxonomy":"product_cat","embeddable":true,"href":"https:\/\/sepad.ee\/fi\/wp-json\/wp\/v2\/product_cat?post=2049"},{"taxonomy":"product_tag","embeddable":true,"href":"https:\/\/sepad.ee\/fi\/wp-json\/wp\/v2\/product_tag?post=2049"}],"curies":[{"name":"wp","href":"https:\/\/api.w.org\/{rel}","templated":true}]}}