{"id":2052,"date":"2015-12-14T08:18:34","date_gmt":"2015-12-14T06:18:34","guid":{"rendered":"https:\/\/sepad.ee\/kauhatanko-60-cm"},"modified":"2019-09-04T11:33:19","modified_gmt":"2019-09-04T09:33:19","slug":"kauhatanko-60-cm","status":"publish","type":"product","link":"https:\/\/sepad.ee\/fi\/tuote\/kauhatanko-60-cm\/","title":{"rendered":"Kauhatanko 60 cm"},"content":{"rendered":"<p class=\"western\" lang=\"en-US\"><span style=\"font-family: Arial, sans-serif;\"><span style=\"font-size: small;\"><span lang=\"fi-FI\">Pituus 60 cm, kiinnitysten kentt\u00e4 ~46 cm, et\u00e4isyys sein\u00e4st\u00e4 ~6 cm, pinnoitettu matalla jauhelakalla.<\/span><\/span><\/span><\/p>\n","protected":false},"excerpt":{"rendered":"<p>Pituus 60 cm, kiinnitysten kentt\u00e4 ~46 cm, et\u00e4isyys sein\u00e4st\u00e4 ~6 cm, pinnoitettu matalla jauhelakalla.<\/p>\n","protected":false},"featured_media":584,"comment_status":"closed","ping_status":"closed","template":"","meta":{"_acf_changed":false},"product_brand":[],"product_cat":[66,67],"product_tag":[],"class_list":{"0":"post-2052","1":"product","2":"type-product","3":"status-publish","4":"has-post-thumbnail","6":"product_cat-sauna-ja-takkatarvikkeet","7":"product_cat-sisustus-fi","10":"first","11":"instock","12":"shipping-taxable","13":"purchasable","14":"product-type-simple"},"acf":[],"_links":{"self":[{"href":"https:\/\/sepad.ee\/fi\/wp-json\/wp\/v2\/product\/2052","targetHints":{"allow":["GET"]}}],"collection":[{"href":"https:\/\/sepad.ee\/fi\/wp-json\/wp\/v2\/product"}],"about":[{"href":"https:\/\/sepad.ee\/fi\/wp-json\/wp\/v2\/types\/product"}],"replies":[{"embeddable":true,"href":"https:\/\/sepad.ee\/fi\/wp-json\/wp\/v2\/comments?post=2052"}],"wp:featuredmedia":[{"embeddable":true,"href":"https:\/\/sepad.ee\/fi\/wp-json\/wp\/v2\/media\/584"}],"wp:attachment":[{"href":"https:\/\/sepad.ee\/fi\/wp-json\/wp\/v2\/media?parent=2052"}],"wp:term":[{"taxonomy":"product_brand","embeddable":true,"href":"https:\/\/sepad.ee\/fi\/wp-json\/wp\/v2\/product_brand?post=2052"},{"taxonomy":"product_cat","embeddable":true,"href":"https:\/\/sepad.ee\/fi\/wp-json\/wp\/v2\/product_cat?post=2052"},{"taxonomy":"product_tag","embeddable":true,"href":"https:\/\/sepad.ee\/fi\/wp-json\/wp\/v2\/product_tag?post=2052"}],"curies":[{"name":"wp","href":"https:\/\/api.w.org\/{rel}","templated":true}]}}