{"id":2053,"date":"2015-12-14T08:17:21","date_gmt":"2015-12-14T08:17:21","guid":{"rendered":"https:\/\/sepad.ee\/verhotangon-kannatin"},"modified":"2019-09-05T08:00:48","modified_gmt":"2019-09-05T06:00:48","slug":"verhotangon-kannatin","status":"publish","type":"product","link":"https:\/\/sepad.ee\/fi\/tuote\/verhotangon-kannatin\/","title":{"rendered":"Verhotangon kannatin"},"content":{"rendered":"<p class=\"western\" lang=\"en-US\"><span style=\"font-family: Arial, sans-serif;\"><span style=\"font-size: small;\"><span lang=\"fi-FI\">Kannatin on tarkoitettu Saaremaa Seppien verhotangoille. Verhotangon kiskon py\u00f6rimisen v\u00e4ltt\u00e4miseksi verhotangon kiskoon on puristettu kannatinkohdat. Mik\u00e4li kannattimien pit\u00e4\u00e4 olla sein\u00e4ll\u00e4 tietyll\u00e4 v\u00e4limatkalla (runko, johon kiinnitet\u00e4\u00e4n), ilmoittakaa siit\u00e4 meille etuk\u00e4teen. Kannattimet on vahattu. 1 kpl hinta.<\/span><\/span><\/span><\/p>\n","protected":false},"excerpt":{"rendered":"<p>Kannatin on tarkoitettu Saaremaa Seppien verhotangoille. Verhotangon kiskon py\u00f6rimisen v\u00e4ltt\u00e4miseksi verhotangon kiskoon on puristettu kannatinkohdat. Mik\u00e4li kannattimien pit\u00e4\u00e4 olla sein\u00e4ll\u00e4 tietyll\u00e4 v\u00e4limatkalla (runko, johon kiinnitet\u00e4\u00e4n), ilmoittakaa siit\u00e4 meille etuk\u00e4teen. Kannattimet on vahattu. 1 kpl hinta.<\/p>\n","protected":false},"featured_media":602,"comment_status":"closed","ping_status":"closed","template":"","meta":{"_acf_changed":false},"product_brand":[],"product_cat":[67,72],"product_tag":[],"class_list":{"0":"post-2053","1":"product","2":"type-product","3":"status-publish","4":"has-post-thumbnail","6":"product_cat-sisustus-fi","7":"product_cat-verhotangot","10":"first","11":"instock","12":"shipping-taxable","13":"purchasable","14":"product-type-simple"},"acf":[],"_links":{"self":[{"href":"https:\/\/sepad.ee\/fi\/wp-json\/wp\/v2\/product\/2053","targetHints":{"allow":["GET"]}}],"collection":[{"href":"https:\/\/sepad.ee\/fi\/wp-json\/wp\/v2\/product"}],"about":[{"href":"https:\/\/sepad.ee\/fi\/wp-json\/wp\/v2\/types\/product"}],"replies":[{"embeddable":true,"href":"https:\/\/sepad.ee\/fi\/wp-json\/wp\/v2\/comments?post=2053"}],"wp:featuredmedia":[{"embeddable":true,"href":"https:\/\/sepad.ee\/fi\/wp-json\/wp\/v2\/media\/602"}],"wp:attachment":[{"href":"https:\/\/sepad.ee\/fi\/wp-json\/wp\/v2\/media?parent=2053"}],"wp:term":[{"taxonomy":"product_brand","embeddable":true,"href":"https:\/\/sepad.ee\/fi\/wp-json\/wp\/v2\/product_brand?post=2053"},{"taxonomy":"product_cat","embeddable":true,"href":"https:\/\/sepad.ee\/fi\/wp-json\/wp\/v2\/product_cat?post=2053"},{"taxonomy":"product_tag","embeddable":true,"href":"https:\/\/sepad.ee\/fi\/wp-json\/wp\/v2\/product_tag?post=2053"}],"curies":[{"name":"wp","href":"https:\/\/api.w.org\/{rel}","templated":true}]}}