{"id":2055,"date":"2015-12-14T08:15:26","date_gmt":"2015-12-14T06:15:26","guid":{"rendered":"https:\/\/sepad.ee\/takkatarvikkeiden-ripustusteline"},"modified":"2019-09-04T15:33:36","modified_gmt":"2019-09-04T13:33:36","slug":"takkatarvikkeiden-ripustusteline","status":"publish","type":"product","link":"https:\/\/sepad.ee\/fi\/tuote\/takkatarvikkeiden-ripustusteline\/","title":{"rendered":"Takkatarvikkeiden ripustusteline"},"content":{"rendered":"<p class=\"western\" lang=\"en-US\"><span style=\"font-family: Arial, sans-serif;\"><span style=\"font-size: small;\"><span lang=\"fi-FI\">Sein\u00e4\u00e4n kiinnitett\u00e4v\u00e4 aluslevy 6,5 cm x 3 cm, et\u00e4isyys sein\u00e4st\u00e4 7 cm, pinnoitettu matalla jauhelakalla<\/span><\/span><\/span>.<\/p>\n","protected":false},"excerpt":{"rendered":"<p>Sein\u00e4\u00e4n kiinnitett\u00e4v\u00e4 aluslevy 6,5 cm x 3 cm, et\u00e4isyys sein\u00e4st\u00e4 7 cm, pinnoitettu matalla jauhelakalla.<\/p>\n","protected":false},"featured_media":596,"comment_status":"closed","ping_status":"closed","template":"","meta":{"_acf_changed":false},"product_brand":[],"product_cat":[64,67],"product_tag":[],"class_list":{"0":"post-2055","1":"product","2":"type-product","3":"status-publish","4":"has-post-thumbnail","6":"product_cat-naulakot-ja-riputuskoukut","7":"product_cat-sisustus-fi","10":"first","11":"instock","12":"shipping-taxable","13":"purchasable","14":"product-type-simple"},"acf":[],"_links":{"self":[{"href":"https:\/\/sepad.ee\/fi\/wp-json\/wp\/v2\/product\/2055","targetHints":{"allow":["GET"]}}],"collection":[{"href":"https:\/\/sepad.ee\/fi\/wp-json\/wp\/v2\/product"}],"about":[{"href":"https:\/\/sepad.ee\/fi\/wp-json\/wp\/v2\/types\/product"}],"replies":[{"embeddable":true,"href":"https:\/\/sepad.ee\/fi\/wp-json\/wp\/v2\/comments?post=2055"}],"wp:featuredmedia":[{"embeddable":true,"href":"https:\/\/sepad.ee\/fi\/wp-json\/wp\/v2\/media\/596"}],"wp:attachment":[{"href":"https:\/\/sepad.ee\/fi\/wp-json\/wp\/v2\/media?parent=2055"}],"wp:term":[{"taxonomy":"product_brand","embeddable":true,"href":"https:\/\/sepad.ee\/fi\/wp-json\/wp\/v2\/product_brand?post=2055"},{"taxonomy":"product_cat","embeddable":true,"href":"https:\/\/sepad.ee\/fi\/wp-json\/wp\/v2\/product_cat?post=2055"},{"taxonomy":"product_tag","embeddable":true,"href":"https:\/\/sepad.ee\/fi\/wp-json\/wp\/v2\/product_tag?post=2055"}],"curies":[{"name":"wp","href":"https:\/\/api.w.org\/{rel}","templated":true}]}}