{"id":2123,"date":"2015-12-15T08:24:25","date_gmt":"2015-12-15T08:24:25","guid":{"rendered":"https:\/\/sepad.ee\/solki"},"modified":"2019-09-05T14:30:15","modified_gmt":"2019-09-05T12:30:15","slug":"solki","status":"publish","type":"product","link":"https:\/\/sepad.ee\/fi\/tuote\/solki\/","title":{"rendered":"Solki"},"content":{"rendered":"<p class=\"western\" lang=\"en-US\"><span style=\"font-family: Arial, sans-serif;\"><span style=\"font-size: small;\"><span lang=\"fi-FI\">Soljen l\u00e4pimitta ~5 cm, neulan l\u00e4pimitta 3 mm, klassisesti mustattu (happok\u00e4sitelty). Kaikki soljet poikkeavat toisistaan<\/span><\/span><\/span>.<\/p>\n","protected":false},"excerpt":{"rendered":"<p>Soljen l\u00e4pimitta ~5 cm, neulan l\u00e4pimitta 3 mm, klassisesti mustattu (happok\u00e4sitelty). Kaikki soljet poikkeavat toisistaan.<\/p>\n","protected":false},"featured_media":3636,"comment_status":"closed","ping_status":"closed","template":"","meta":{"_acf_changed":false},"product_brand":[],"product_cat":[62],"product_tag":[],"class_list":{"0":"post-2123","1":"product","2":"type-product","3":"status-publish","4":"has-post-thumbnail","6":"product_cat-lahjatavarat","9":"first","10":"instock","11":"shipping-taxable","12":"purchasable","13":"product-type-simple"},"acf":[],"_links":{"self":[{"href":"https:\/\/sepad.ee\/fi\/wp-json\/wp\/v2\/product\/2123","targetHints":{"allow":["GET"]}}],"collection":[{"href":"https:\/\/sepad.ee\/fi\/wp-json\/wp\/v2\/product"}],"about":[{"href":"https:\/\/sepad.ee\/fi\/wp-json\/wp\/v2\/types\/product"}],"replies":[{"embeddable":true,"href":"https:\/\/sepad.ee\/fi\/wp-json\/wp\/v2\/comments?post=2123"}],"wp:featuredmedia":[{"embeddable":true,"href":"https:\/\/sepad.ee\/fi\/wp-json\/wp\/v2\/media\/3636"}],"wp:attachment":[{"href":"https:\/\/sepad.ee\/fi\/wp-json\/wp\/v2\/media?parent=2123"}],"wp:term":[{"taxonomy":"product_brand","embeddable":true,"href":"https:\/\/sepad.ee\/fi\/wp-json\/wp\/v2\/product_brand?post=2123"},{"taxonomy":"product_cat","embeddable":true,"href":"https:\/\/sepad.ee\/fi\/wp-json\/wp\/v2\/product_cat?post=2123"},{"taxonomy":"product_tag","embeddable":true,"href":"https:\/\/sepad.ee\/fi\/wp-json\/wp\/v2\/product_tag?post=2123"}],"curies":[{"name":"wp","href":"https:\/\/api.w.org\/{rel}","templated":true}]}}