{"id":2130,"date":"2015-12-15T08:07:28","date_gmt":"2015-12-15T08:07:28","guid":{"rendered":"https:\/\/sepad.ee\/kulkusen-kannatin"},"modified":"2019-09-05T10:24:17","modified_gmt":"2019-09-05T08:24:17","slug":"kulkusen-kannatin","status":"publish","type":"product","link":"https:\/\/sepad.ee\/fi\/tuote\/kulkusen-kannatin\/","title":{"rendered":"Kulkusen kannatin"},"content":{"rendered":"<p class=\"western\" lang=\"en-US\"><span style=\"font-family: Arial, sans-serif;\"><span style=\"font-size: small;\"><span lang=\"fi-FI\">Korkeus 160 mm, et\u00e4isyys sein\u00e4st\u00e4 120 mm, pinnoitettu matalla jauhelakalla<\/span><\/span><\/span>.<\/p>\n","protected":false},"excerpt":{"rendered":"<p>Korkeus 160 mm, et\u00e4isyys sein\u00e4st\u00e4 120 mm, pinnoitettu matalla jauhelakalla.<\/p>\n","protected":false},"featured_media":1118,"comment_status":"closed","ping_status":"closed","template":"","meta":{"_acf_changed":false},"product_brand":[],"product_cat":[62],"product_tag":[],"class_list":{"0":"post-2130","1":"product","2":"type-product","3":"status-publish","4":"has-post-thumbnail","6":"product_cat-lahjatavarat","9":"first","10":"instock","11":"shipping-taxable","12":"purchasable","13":"product-type-simple"},"acf":[],"_links":{"self":[{"href":"https:\/\/sepad.ee\/fi\/wp-json\/wp\/v2\/product\/2130","targetHints":{"allow":["GET"]}}],"collection":[{"href":"https:\/\/sepad.ee\/fi\/wp-json\/wp\/v2\/product"}],"about":[{"href":"https:\/\/sepad.ee\/fi\/wp-json\/wp\/v2\/types\/product"}],"replies":[{"embeddable":true,"href":"https:\/\/sepad.ee\/fi\/wp-json\/wp\/v2\/comments?post=2130"}],"wp:featuredmedia":[{"embeddable":true,"href":"https:\/\/sepad.ee\/fi\/wp-json\/wp\/v2\/media\/1118"}],"wp:attachment":[{"href":"https:\/\/sepad.ee\/fi\/wp-json\/wp\/v2\/media?parent=2130"}],"wp:term":[{"taxonomy":"product_brand","embeddable":true,"href":"https:\/\/sepad.ee\/fi\/wp-json\/wp\/v2\/product_brand?post=2130"},{"taxonomy":"product_cat","embeddable":true,"href":"https:\/\/sepad.ee\/fi\/wp-json\/wp\/v2\/product_cat?post=2130"},{"taxonomy":"product_tag","embeddable":true,"href":"https:\/\/sepad.ee\/fi\/wp-json\/wp\/v2\/product_tag?post=2130"}],"curies":[{"name":"wp","href":"https:\/\/api.w.org\/{rel}","templated":true}]}}