{"id":2161,"date":"2015-12-15T07:34:00","date_gmt":"2015-12-15T07:34:00","guid":{"rendered":"https:\/\/sepad.ee\/hevosenkenka"},"modified":"2019-09-05T10:00:33","modified_gmt":"2019-09-05T08:00:33","slug":"hevosenkenka","status":"publish","type":"product","link":"https:\/\/sepad.ee\/fi\/tuote\/hevosenkenka\/","title":{"rendered":"Hevosenkenk\u00e4"},"content":{"rendered":"<p class=\"western\" lang=\"en-US\"><span style=\"font-family: Arial, sans-serif;\"><span style=\"font-size: small;\"><span lang=\"fi-FI\">Halutessanne tulemme takomaan onnea tuovaa hevosenkenk\u00e4a my\u00f6s h\u00e4ihin tai muuhun tilaisuuteen. Hevosenkenk\u00e4\u00e4n voi kaivertaa tai ly\u00f6d\u00e4 toivotun tekstin tai logon<\/span><\/span><\/span>.<\/p>\n","protected":false},"excerpt":{"rendered":"<p>Halutessanne tulemme takomaan onnea tuovaa hevosenkenk\u00e4a my\u00f6s h\u00e4ihin tai muuhun tilaisuuteen. Hevosenkenk\u00e4\u00e4n voi kaivertaa tai ly\u00f6d\u00e4 toivotun tekstin tai logon.<\/p>\n","protected":false},"featured_media":1027,"comment_status":"closed","ping_status":"closed","template":"","meta":{"_acf_changed":false},"product_brand":[],"product_cat":[62],"product_tag":[],"class_list":{"0":"post-2161","1":"product","2":"type-product","3":"status-publish","4":"has-post-thumbnail","6":"product_cat-lahjatavarat","9":"first","10":"instock","11":"shipping-taxable","12":"purchasable","13":"product-type-simple"},"acf":[],"_links":{"self":[{"href":"https:\/\/sepad.ee\/fi\/wp-json\/wp\/v2\/product\/2161","targetHints":{"allow":["GET"]}}],"collection":[{"href":"https:\/\/sepad.ee\/fi\/wp-json\/wp\/v2\/product"}],"about":[{"href":"https:\/\/sepad.ee\/fi\/wp-json\/wp\/v2\/types\/product"}],"replies":[{"embeddable":true,"href":"https:\/\/sepad.ee\/fi\/wp-json\/wp\/v2\/comments?post=2161"}],"wp:featuredmedia":[{"embeddable":true,"href":"https:\/\/sepad.ee\/fi\/wp-json\/wp\/v2\/media\/1027"}],"wp:attachment":[{"href":"https:\/\/sepad.ee\/fi\/wp-json\/wp\/v2\/media?parent=2161"}],"wp:term":[{"taxonomy":"product_brand","embeddable":true,"href":"https:\/\/sepad.ee\/fi\/wp-json\/wp\/v2\/product_brand?post=2161"},{"taxonomy":"product_cat","embeddable":true,"href":"https:\/\/sepad.ee\/fi\/wp-json\/wp\/v2\/product_cat?post=2161"},{"taxonomy":"product_tag","embeddable":true,"href":"https:\/\/sepad.ee\/fi\/wp-json\/wp\/v2\/product_tag?post=2161"}],"curies":[{"name":"wp","href":"https:\/\/api.w.org\/{rel}","templated":true}]}}