{"id":2200,"date":"2015-12-15T08:40:53","date_gmt":"2015-12-15T08:40:53","guid":{"rendered":"https:\/\/sepad.ee\/kynttilateline-%e2%80%9cplonn%e2%80%9d"},"modified":"2019-09-05T08:40:37","modified_gmt":"2019-09-05T06:40:37","slug":"kynttilateline-plonn","status":"publish","type":"product","link":"https:\/\/sepad.ee\/fi\/tuote\/kynttilateline-plonn\/","title":{"rendered":"Kynttil\u00e4teline \u201cPl\u00f6nn\u201d"},"content":{"rendered":"<p class=\"western\" lang=\"en-US\"><span style=\"font-family: Arial, sans-serif;\"><span style=\"font-size: small;\"><span lang=\"fi-FI\">Pinnoitettu suihkelakalla , sopii teekynttil\u00e4lle. Eri n\u00e4k\u00f6iset<\/span><\/span><\/span>.<\/p>\n","protected":false},"excerpt":{"rendered":"<p>Pinnoitettu suihkelakalla , sopii teekynttil\u00e4lle. Eri n\u00e4k\u00f6iset.<\/p>\n","protected":false},"featured_media":4180,"comment_status":"closed","ping_status":"closed","template":"","meta":{"_acf_changed":false},"product_brand":[],"product_cat":[61],"product_tag":[],"class_list":{"0":"post-2200","1":"product","2":"type-product","3":"status-publish","4":"has-post-thumbnail","6":"product_cat-kynttilanjalat","9":"first","10":"instock","11":"shipping-taxable","12":"purchasable","13":"product-type-simple"},"acf":[],"_links":{"self":[{"href":"https:\/\/sepad.ee\/fi\/wp-json\/wp\/v2\/product\/2200","targetHints":{"allow":["GET"]}}],"collection":[{"href":"https:\/\/sepad.ee\/fi\/wp-json\/wp\/v2\/product"}],"about":[{"href":"https:\/\/sepad.ee\/fi\/wp-json\/wp\/v2\/types\/product"}],"replies":[{"embeddable":true,"href":"https:\/\/sepad.ee\/fi\/wp-json\/wp\/v2\/comments?post=2200"}],"wp:featuredmedia":[{"embeddable":true,"href":"https:\/\/sepad.ee\/fi\/wp-json\/wp\/v2\/media\/4180"}],"wp:attachment":[{"href":"https:\/\/sepad.ee\/fi\/wp-json\/wp\/v2\/media?parent=2200"}],"wp:term":[{"taxonomy":"product_brand","embeddable":true,"href":"https:\/\/sepad.ee\/fi\/wp-json\/wp\/v2\/product_brand?post=2200"},{"taxonomy":"product_cat","embeddable":true,"href":"https:\/\/sepad.ee\/fi\/wp-json\/wp\/v2\/product_cat?post=2200"},{"taxonomy":"product_tag","embeddable":true,"href":"https:\/\/sepad.ee\/fi\/wp-json\/wp\/v2\/product_tag?post=2200"}],"curies":[{"name":"wp","href":"https:\/\/api.w.org\/{rel}","templated":true}]}}