{"id":2217,"date":"2015-12-11T11:21:50","date_gmt":"2015-12-11T11:21:50","guid":{"rendered":"https:\/\/sepad.ee\/koiran-hihnan-silmukka"},"modified":"2019-09-04T13:00:04","modified_gmt":"2019-09-04T11:00:04","slug":"koiran-hihnan-silmukka","status":"publish","type":"product","link":"https:\/\/sepad.ee\/fi\/tuote\/koiran-hihnan-silmukka\/","title":{"rendered":"Koiran hihnan silmukka"},"content":{"rendered":"<p class=\"western\" lang=\"en-US\"><span style=\"font-family: Arial, sans-serif;\"><span style=\"font-size: small;\"><span lang=\"fi-FI\">Koko 19 x19 cm.Lenkki on sein\u00e4st\u00e4 ~6 cm:n p\u00e4\u00e4ss\u00e4, tuote on sinkitty ja pinnoitettu valkoisella rakenteellisella jauhemaalilla.<\/span><\/span><\/span><\/p>\n","protected":false},"excerpt":{"rendered":"<p>Koko 19 x19 cm.Lenkki on sein\u00e4st\u00e4 ~6 cm:n p\u00e4\u00e4ss\u00e4, tuote on sinkitty ja pinnoitettu valkoisella rakenteellisella jauhemaalilla.<\/p>\n","protected":false},"featured_media":449,"comment_status":"closed","ping_status":"closed","template":"","meta":{"_acf_changed":false},"product_brand":[],"product_cat":[71,69],"product_tag":[],"class_list":{"0":"post-2217","1":"product","2":"type-product","3":"status-publish","4":"has-post-thumbnail","6":"product_cat-julkisivu","7":"product_cat-taotut-oven-osat","10":"first","11":"instock","12":"shipping-taxable","13":"purchasable","14":"product-type-simple"},"acf":[],"_links":{"self":[{"href":"https:\/\/sepad.ee\/fi\/wp-json\/wp\/v2\/product\/2217","targetHints":{"allow":["GET"]}}],"collection":[{"href":"https:\/\/sepad.ee\/fi\/wp-json\/wp\/v2\/product"}],"about":[{"href":"https:\/\/sepad.ee\/fi\/wp-json\/wp\/v2\/types\/product"}],"replies":[{"embeddable":true,"href":"https:\/\/sepad.ee\/fi\/wp-json\/wp\/v2\/comments?post=2217"}],"wp:featuredmedia":[{"embeddable":true,"href":"https:\/\/sepad.ee\/fi\/wp-json\/wp\/v2\/media\/449"}],"wp:attachment":[{"href":"https:\/\/sepad.ee\/fi\/wp-json\/wp\/v2\/media?parent=2217"}],"wp:term":[{"taxonomy":"product_brand","embeddable":true,"href":"https:\/\/sepad.ee\/fi\/wp-json\/wp\/v2\/product_brand?post=2217"},{"taxonomy":"product_cat","embeddable":true,"href":"https:\/\/sepad.ee\/fi\/wp-json\/wp\/v2\/product_cat?post=2217"},{"taxonomy":"product_tag","embeddable":true,"href":"https:\/\/sepad.ee\/fi\/wp-json\/wp\/v2\/product_tag?post=2217"}],"curies":[{"name":"wp","href":"https:\/\/api.w.org\/{rel}","templated":true}]}}