{"id":3033,"date":"2018-07-03T12:50:27","date_gmt":"2018-07-03T10:50:27","guid":{"rendered":"https:\/\/sepad.ee\/toode\/verhotangon-paa-spiraali\/"},"modified":"2021-06-30T15:51:08","modified_gmt":"2021-06-30T13:51:08","slug":"verhotangon-paa-spiraali","status":"publish","type":"product","link":"https:\/\/sepad.ee\/fi\/tuote\/verhotangon-paa-spiraali\/","title":{"rendered":"Verhotangon p\u00e4\u00e4 &#8221;Spiraali&#8221;"},"content":{"rendered":"<h2><span style=\"font-family: Arial, sans-serif;\"><span style=\"font-size: small;\"><span lang=\"fi-FI\">Koristeellinen verhotanko 1 kappaleen p\u00e4\u00e4ss\u00e4. Tangon pituus lasketa kahden kantajan jo lovi v\u00e4linen ero (niin ett\u00e4 tanko ei py\u00f6ri) on noin 20 cm.<\/span><\/span><\/span><\/h2>\n<h2><span style=\"font-family: Arial, sans-serif;\"><span style=\"font-size: small;\"><span lang=\"fi-FI\">Verhotangot on 16 mm ja vahattu. Yli kolmimetriselle verhotangolle suosittelemme kolmea kannatinta ja kuljetuksen mahdollistamiseksi niihin on teht\u00e4v\u00e4 liitoskohta hinta 47 \u20ac.<\/span><\/span><\/span><\/h2>\n","protected":false},"excerpt":{"rendered":"<p>Koristeellinen verhotanko 1 kappaleen p\u00e4\u00e4ss\u00e4. Tangon pituus lasketa kahden kantajan jo lovi v\u00e4linen ero (niin ett\u00e4 tanko ei py\u00f6ri) on noin 20 cm. Verhotangot on 16 mm ja vahattu. Yli kolmimetriselle verhotangolle suosittelemme kolmea kannatinta ja kuljetuksen mahdollistamiseksi niihin on teht\u00e4v\u00e4 liitoskohta hinta 47 \u20ac.<\/p>\n","protected":false},"featured_media":3032,"comment_status":"closed","ping_status":"closed","template":"","meta":{"_acf_changed":false},"product_brand":[],"product_cat":[67,72],"product_tag":[],"class_list":{"0":"post-3033","1":"product","2":"type-product","3":"status-publish","4":"has-post-thumbnail","6":"product_cat-sisustus-fi","7":"product_cat-verhotangot","10":"first","11":"instock","12":"shipping-taxable","13":"purchasable","14":"product-type-simple"},"acf":[],"_links":{"self":[{"href":"https:\/\/sepad.ee\/fi\/wp-json\/wp\/v2\/product\/3033","targetHints":{"allow":["GET"]}}],"collection":[{"href":"https:\/\/sepad.ee\/fi\/wp-json\/wp\/v2\/product"}],"about":[{"href":"https:\/\/sepad.ee\/fi\/wp-json\/wp\/v2\/types\/product"}],"replies":[{"embeddable":true,"href":"https:\/\/sepad.ee\/fi\/wp-json\/wp\/v2\/comments?post=3033"}],"wp:featuredmedia":[{"embeddable":true,"href":"https:\/\/sepad.ee\/fi\/wp-json\/wp\/v2\/media\/3032"}],"wp:attachment":[{"href":"https:\/\/sepad.ee\/fi\/wp-json\/wp\/v2\/media?parent=3033"}],"wp:term":[{"taxonomy":"product_brand","embeddable":true,"href":"https:\/\/sepad.ee\/fi\/wp-json\/wp\/v2\/product_brand?post=3033"},{"taxonomy":"product_cat","embeddable":true,"href":"https:\/\/sepad.ee\/fi\/wp-json\/wp\/v2\/product_cat?post=3033"},{"taxonomy":"product_tag","embeddable":true,"href":"https:\/\/sepad.ee\/fi\/wp-json\/wp\/v2\/product_tag?post=3033"}],"curies":[{"name":"wp","href":"https:\/\/api.w.org\/{rel}","templated":true}]}}