{"id":3418,"date":"2017-04-06T13:46:39","date_gmt":"2017-04-06T11:46:39","guid":{"rendered":"https:\/\/sepad.ee\/toode\/3418\/"},"modified":"2019-09-16T14:21:58","modified_gmt":"2019-09-16T12:21:58","slug":"kulmarauta-130-mm-pari","status":"publish","type":"product","link":"https:\/\/sepad.ee\/fi\/tuote\/kulmarauta-130-mm-pari\/","title":{"rendered":"Kulmarauta 130mm(pari)"},"content":{"rendered":"<p>Sein\u00e4st\u00e4 13 cm, korkeus 13 cm, leveys 2,3 cm, happok\u00e4sitelty.<\/p>\n","protected":false},"excerpt":{"rendered":"<p>Sein\u00e4st\u00e4 13 cm, korkeus 13 cm, leveys 2,3 cm, happok\u00e4sitelty.<\/p>\n","protected":false},"featured_media":2674,"comment_status":"closed","ping_status":"closed","template":"","meta":{"_acf_changed":false},"product_brand":[],"product_cat":[67],"product_tag":[],"class_list":{"0":"post-3418","1":"product","2":"type-product","3":"status-publish","4":"has-post-thumbnail","6":"product_cat-sisustus-fi","9":"first","10":"instock","11":"shipping-taxable","12":"purchasable","13":"product-type-simple"},"acf":[],"_links":{"self":[{"href":"https:\/\/sepad.ee\/fi\/wp-json\/wp\/v2\/product\/3418","targetHints":{"allow":["GET"]}}],"collection":[{"href":"https:\/\/sepad.ee\/fi\/wp-json\/wp\/v2\/product"}],"about":[{"href":"https:\/\/sepad.ee\/fi\/wp-json\/wp\/v2\/types\/product"}],"replies":[{"embeddable":true,"href":"https:\/\/sepad.ee\/fi\/wp-json\/wp\/v2\/comments?post=3418"}],"wp:featuredmedia":[{"embeddable":true,"href":"https:\/\/sepad.ee\/fi\/wp-json\/wp\/v2\/media\/2674"}],"wp:attachment":[{"href":"https:\/\/sepad.ee\/fi\/wp-json\/wp\/v2\/media?parent=3418"}],"wp:term":[{"taxonomy":"product_brand","embeddable":true,"href":"https:\/\/sepad.ee\/fi\/wp-json\/wp\/v2\/product_brand?post=3418"},{"taxonomy":"product_cat","embeddable":true,"href":"https:\/\/sepad.ee\/fi\/wp-json\/wp\/v2\/product_cat?post=3418"},{"taxonomy":"product_tag","embeddable":true,"href":"https:\/\/sepad.ee\/fi\/wp-json\/wp\/v2\/product_tag?post=3418"}],"curies":[{"name":"wp","href":"https:\/\/api.w.org\/{rel}","templated":true}]}}