{"id":3562,"date":"2019-09-16T10:30:38","date_gmt":"2019-09-16T08:30:38","guid":{"rendered":"https:\/\/sepad.ee\/toode\/kynttilanjalka-lossi\/"},"modified":"2019-09-16T12:29:21","modified_gmt":"2019-09-16T10:29:21","slug":"kynttilanjalka-lossi","status":"publish","type":"product","link":"https:\/\/sepad.ee\/fi\/tuote\/kynttilanjalka-lossi\/","title":{"rendered":"Kynttil\u00e4njalka Lossi"},"content":{"rendered":"<p>Et\u00e4isyys sein\u00e4st\u00e4 30 cm, leveys 14 cm, pituus 22 cm, vahattu.<\/p>\n","protected":false},"excerpt":{"rendered":"<p>Et\u00e4isyys sein\u00e4st\u00e4 30 cm, leveys 14 cm, pituus 22 cm, vahattu.<\/p>\n","protected":false},"featured_media":3433,"comment_status":"closed","ping_status":"closed","template":"","meta":{"_acf_changed":false},"product_brand":[],"product_cat":[71],"product_tag":[],"class_list":{"0":"post-3562","1":"product","2":"type-product","3":"status-publish","4":"has-post-thumbnail","6":"product_cat-julkisivu","9":"first","10":"instock","11":"shipping-taxable","12":"purchasable","13":"product-type-simple"},"acf":[],"_links":{"self":[{"href":"https:\/\/sepad.ee\/fi\/wp-json\/wp\/v2\/product\/3562","targetHints":{"allow":["GET"]}}],"collection":[{"href":"https:\/\/sepad.ee\/fi\/wp-json\/wp\/v2\/product"}],"about":[{"href":"https:\/\/sepad.ee\/fi\/wp-json\/wp\/v2\/types\/product"}],"replies":[{"embeddable":true,"href":"https:\/\/sepad.ee\/fi\/wp-json\/wp\/v2\/comments?post=3562"}],"wp:featuredmedia":[{"embeddable":true,"href":"https:\/\/sepad.ee\/fi\/wp-json\/wp\/v2\/media\/3433"}],"wp:attachment":[{"href":"https:\/\/sepad.ee\/fi\/wp-json\/wp\/v2\/media?parent=3562"}],"wp:term":[{"taxonomy":"product_brand","embeddable":true,"href":"https:\/\/sepad.ee\/fi\/wp-json\/wp\/v2\/product_brand?post=3562"},{"taxonomy":"product_cat","embeddable":true,"href":"https:\/\/sepad.ee\/fi\/wp-json\/wp\/v2\/product_cat?post=3562"},{"taxonomy":"product_tag","embeddable":true,"href":"https:\/\/sepad.ee\/fi\/wp-json\/wp\/v2\/product_tag?post=3562"}],"curies":[{"name":"wp","href":"https:\/\/api.w.org\/{rel}","templated":true}]}}